{"id":5598,"date":"2023-03-13T12:48:27","date_gmt":"2023-03-13T12:48:27","guid":{"rendered":"https:\/\/fixfm.lt\/druskininkai\/lojalumo-programa\/"},"modified":"2025-04-28T12:13:41","modified_gmt":"2025-04-28T12:13:41","slug":"lojalumo-programa","status":"publish","type":"page","link":"https:\/\/fixfm.lt\/en\/druskininkai\/lojalumo-programa\/","title":{"rendered":"Loyalty program"},"content":{"rendered":"\n<div id=\"\" class=\"wp-block-sanatorija-section section section--beige section--spacing-64\"><div class=\"container\">\n<h2 class=\"wp-block-heading\">Loyalty program<\/h2>\n\n\n\n<div class=\"wp-block-columns is-layout-flex wp-container-core-columns-is-layout-9d6595d7 wp-block-columns-is-layout-flex\">\n<div class=\"wp-block-column is-layout-flow wp-block-column-is-layout-flow\" style=\"flex-basis:66.66%\">\n<p>A client who returns to the Medical SPA again and again is the best incentive for us to move forward, maintain a high quality of service, and seek new ways to improve. Loyal clients do not need an introduction to Medical SPA Egl\u0117s sanatorija. You know almost every corner of the Medical SPA, you are aware of your favourite procedures and, we believe, you discover something new every time! Moreover, when you arrive, you happily greet our employees by their names. Thank you for this friendship!<\/p>\n\n\n\n<p><br><strong>A loyal client<\/strong> is one who has visited the Medical SPA Egl\u0117s sanatorija in Bir\u0161tonas and\/or Druskininkai within 36 months and who has visited the Medical SPA multiple times in one of the resorts:<\/p>\n<\/div>\n\n\n\n<div class=\"wp-block-column is-layout-flow wp-block-column-is-layout-flow\" style=\"flex-basis:33.33%\">\n<figure class=\"wp-block-image size-large\"><img loading=\"lazy\" decoding=\"async\" width=\"1024\" height=\"683\" src=\"https:\/\/fixfm.lt\/app\/uploads\/2024\/02\/DS_1945-1024x683.jpg\" alt=\"\" class=\"wp-image-14467\" srcset=\"https:\/\/fixfm.lt\/app\/uploads\/2024\/02\/DS_1945-1024x683.jpg 1024w, https:\/\/fixfm.lt\/app\/uploads\/2024\/02\/DS_1945-300x200.jpg 300w, https:\/\/fixfm.lt\/app\/uploads\/2024\/02\/DS_1945-768x512.jpg 768w, https:\/\/fixfm.lt\/app\/uploads\/2024\/02\/DS_1945-500x333.jpg 500w, https:\/\/fixfm.lt\/app\/uploads\/2024\/02\/DS_1945-800x534.jpg 800w, https:\/\/fixfm.lt\/app\/uploads\/2024\/02\/DS_1945.jpg 1108w\" sizes=\"auto, (max-width: 1024px) 100vw, 1024px\" \/><\/figure>\n<\/div>\n<\/div>\n\n\n\n                <div class=\"announcements announcements--message announcements--brown\">\n                    <p>When you enter the Medical SPA with a medical spa treatment, wellness, and therapeutic programme and purchase services directly, you will receive loyalty programme benefits. Additional discounts are not available when arriving with third party vouchers.<\/p>\n<p>Only the loyalty programme benefits listed under the respective loyalty levels are valid in the rehabilitation centres.<\/p>\n                <\/div>\n\n                \n\n\n<div class=\"wp-block-group is-nowrap is-layout-flex wp-container-core-group-is-layout-ad2f72ca wp-block-group-is-layout-flex\"><\/div>\n\n\n\n        <div class=\"table--responsive-table\">\n            <table class=\"table table--simple table--full-width table--normal\">\n                <thead>\n                    <tr>\n                                                    <td><strong>Silver Client<\/strong><\/td>\n                                            <\/tr>\n                <\/thead>\n                <tbody>\n                    \n                        <tr>\n                                                            <td>10% discount on all health and beauty treatments in medical SPA and rehabilitations centers<\/td>\n                                                    <\/tr>\n\n                    \n                        <tr>\n                                                            <td>10% discount on the entire caf\u00e9 menu assortment (except alcohol).<\/td>\n                                                    <\/tr>\n\n                    \n                        <tr>\n                                                            <td>During busy times \u2013 priority in reservation waiting list.<\/td>\n                                                    <\/tr>\n\n                    \n                        <tr>\n                                                            <td>Water for your trip home.<\/td>\n                                                    <\/tr>\n\n                                    <\/tbody>\n            <\/table>\n        <\/div>\n\n        \n        <div class=\"table--responsive-table\">\n            <table class=\"table table--simple table--full-width table--normal\">\n                <thead>\n                    <tr>\n                                                    <td><strong>Golden Client<\/strong><\/td>\n                                            <\/tr>\n                <\/thead>\n                <tbody>\n                    \n                        <tr>\n                                                            <td>3 % discount on the medical SPA treatment programmes. Discount applies when booking directly on the website sanatorija.lt (discount will be applied at the reception upon your arrival) or by phone: +370 313 60220.<\/td>\n                                                    <\/tr>\n\n                    \n                        <tr>\n                                                            <td>3 % for treatment\/wellness programs and subscriptions to rehabilitation centers<\/td>\n                                                    <\/tr>\n\n                    \n                        <tr>\n                                                            <td>15 % \ndiscount on all wellness and beauty treatments in Medical SPA and rehabilitation centers<\/td>\n                                                    <\/tr>\n\n                    \n                        <tr>\n                                                            <td>15% discount on the entire caf\u00e9 menu assortment (except alcohol).<\/td>\n                                                    <\/tr>\n\n                    \n                        <tr>\n                                                            <td>During busy times \u2013 priority in reservation waiting list.<\/td>\n                                                    <\/tr>\n\n                    \n                        <tr>\n                                                            <td>Water for your trip home.<\/td>\n                                                    <\/tr>\n\n                    \n                        <tr>\n                                                            <td>Additional treatment. You can choose from options:\nMassage using  equipment (\u201cDry Massage Bath\u201d)\nParaffin Wax Bath for Hands,\nHalotherapy (Salt Room)\nBinaural Beats Relaxation<\/td>\n                                                    <\/tr>\n\n                                    <\/tbody>\n            <\/table>\n        <\/div>\n\n        \n        <div class=\"table--responsive-table\">\n            <table class=\"table table--simple table--full-width table--normal\">\n                <thead>\n                    <tr>\n                                                    <td><strong>Platinum Client<\/strong><\/td>\n                                            <\/tr>\n                <\/thead>\n                <tbody>\n                    \n                        <tr>\n                                                            <td>5 % discount on the medical SPA treatment programmes. Discount applies when booking directly on the website sanatorija.lt (discount will be applied at the reception upon your arrival) or by phone: +370 313 60220.<\/td>\n                                                    <\/tr>\n\n                    \n                        <tr>\n                                                            <td>5% for treatment\/wellness programs and subscriptions to rehabilitation centers<\/td>\n                                                    <\/tr>\n\n                    \n                        <tr>\n                                                            <td>20 %  discount on all wellness and beauty treatments in Medical SPA and rehabilitation centers<\/td>\n                                                    <\/tr>\n\n                    \n                        <tr>\n                                                            <td>20% discount on the entire caf\u00e9 menu assortment (except alcohol).<\/td>\n                                                    <\/tr>\n\n                    \n                        <tr>\n                                                            <td>During busy times \u2013 priority in reservation waiting list.<\/td>\n                                                    <\/tr>\n\n                    \n                        <tr>\n                                                            <td>Guests can choose a specific room if it is vacant at the time<\/td>\n                                                    <\/tr>\n\n                    \n                        <tr>\n                                                            <td>Delicious seasonal gift upon arrival.<\/td>\n                                                    <\/tr>\n\n                    \n                        <tr>\n                                                            <td>Water for your trip home.<\/td>\n                                                    <\/tr>\n\n                    \n                        <tr>\n                                                            <td>Additional treatment. You can choose from 5 options:\nMassage using the equipment (\u201cDry Massage Bath\u201d)\nParaffin Wax Bath for Hands\nHalotherapy (Salt Room)\nBinaural Beats Relaxation<\/td>\n                                                    <\/tr>\n\n                                    <\/tbody>\n            <\/table>\n        <\/div>\n\n        \n        <div class=\"table--responsive-table\">\n            <table class=\"table table--simple table--full-width table--normal\">\n                <thead>\n                    <tr>\n                                                    <td><strong>Diamond Client<\/strong><\/td>\n                                            <\/tr>\n                <\/thead>\n                <tbody>\n                    \n                        <tr>\n                                                            <td>10 % discount on the medical SPA treatment programmes. Discount applies when booking directly on the website sanatorija.lt (discount will be applied at the reception upon your arrival) or by phone: +370 313 60220.<\/td>\n                                                    <\/tr>\n\n                    \n                        <tr>\n                                                            <td>10 % for treatment\/wellness programs and subscriptions to rehabilitation centers<\/td>\n                                                    <\/tr>\n\n                    \n                        <tr>\n                                                            <td>20 %  discount on all wellness and beauty treatments in Medical SPA and rehabilitation centers<\/td>\n                                                    <\/tr>\n\n                    \n                        <tr>\n                                                            <td>20% discount on the entire caf\u00e9 menu assortment (except alcohol).<\/td>\n                                                    <\/tr>\n\n                    \n                        <tr>\n                                                            <td>During busy times \u2013 priority in reservation waiting list.<\/td>\n                                                    <\/tr>\n\n                    \n                        <tr>\n                                                            <td>Guests can choose a specific room if it is vacant at the time<\/td>\n                                                    <\/tr>\n\n                    \n                        <tr>\n                                                            <td>Delicious seasonal gift upon arrival.<\/td>\n                                                    <\/tr>\n\n                    \n                        <tr>\n                                                            <td>Water for your trip home.<\/td>\n                                                    <\/tr>\n\n                    \n                        <tr>\n                                                            <td>Additional treatment. You can choose from options:\nMassage using the  equipment (\u201cDry Massage Bath\u201d)\nParaffin Wax Bath for Hands\nHalotherapy (Salt Room)\nBinaural Beats Relaxation<\/td>\n                                                    <\/tr>\n\n                                    <\/tbody>\n            <\/table>\n        <\/div>\n\n        \n            <\/div><\/div>\n","protected":false},"excerpt":{"rendered":"","protected":false},"author":1,"featured_media":0,"parent":129,"menu_order":13,"comment_status":"closed","ping_status":"closed","template":"","meta":{"_acf_changed":false,"inline_featured_image":false,"footnotes":""},"class_list":["post-5598","page","type-page","status-publish","hentry"],"acf":[],"yoast_head":"<!-- This site is optimized with the Yoast SEO plugin v22.9 - https:\/\/yoast.com\/wordpress\/plugins\/seo\/ -->\n<title>Special\u016bs pasi\u016blymai lojaliems klientams | Egl\u0117s sanatorija<\/title>\n<meta name=\"description\" content=\"\u201eEgl\u0117s sanatorijos\u201c Druskininkuose pasi\u016blymai lojaliems klientams. Taikomos i\u0161skirtin\u0117s nuolaidos paslaugoms, teikiamos dovanos.\" \/>\n<meta name=\"robots\" content=\"index, follow, max-snippet:-1, max-image-preview:large, max-video-preview:-1\" \/>\n<link rel=\"canonical\" href=\"https:\/\/fixfm.lt\/en\/druskininkai\/lojalumo-programa\/\" \/>\n<meta property=\"og:locale\" content=\"en_US\" \/>\n<meta property=\"og:type\" content=\"article\" \/>\n<meta property=\"og:title\" content=\"Special\u016bs pasi\u016blymai lojaliems klientams | Egl\u0117s sanatorija\" \/>\n<meta property=\"og:description\" content=\"\u201eEgl\u0117s sanatorijos\u201c Druskininkuose pasi\u016blymai lojaliems klientams. Taikomos i\u0161skirtin\u0117s nuolaidos paslaugoms, teikiamos dovanos.\" \/>\n<meta property=\"og:url\" content=\"https:\/\/fixfm.lt\/en\/druskininkai\/lojalumo-programa\/\" \/>\n<meta property=\"og:site_name\" content=\"Sanatorija\" \/>\n<meta property=\"article:publisher\" content=\"https:\/\/www.facebook.com\/eglessanatorija\/\" \/>\n<meta property=\"article:modified_time\" content=\"2025-04-28T12:13:41+00:00\" \/>\n<meta property=\"og:image\" content=\"https:\/\/fixfm.lt\/app\/uploads\/2024\/02\/DS_1945-1024x683.jpg\" \/>\n<meta name=\"twitter:label1\" content=\"Est. reading time\" \/>\n\t<meta name=\"twitter:data1\" content=\"1 minute\" \/>\n<script type=\"application\/ld+json\" class=\"yoast-schema-graph\">{\"@context\":\"https:\/\/schema.org\",\"@graph\":[{\"@type\":\"WebPage\",\"@id\":\"https:\/\/fixfm.lt\/en\/druskininkai\/lojalumo-programa\/\",\"url\":\"https:\/\/fixfm.lt\/en\/druskininkai\/lojalumo-programa\/\",\"name\":\"Special\u016bs pasi\u016blymai lojaliems klientams | Egl\u0117s sanatorija\",\"isPartOf\":{\"@id\":\"https:\/\/fixfm.lt\/en\/#website\"},\"primaryImageOfPage\":{\"@id\":\"https:\/\/fixfm.lt\/en\/druskininkai\/lojalumo-programa\/#primaryimage\"},\"image\":{\"@id\":\"https:\/\/fixfm.lt\/en\/druskininkai\/lojalumo-programa\/#primaryimage\"},\"thumbnailUrl\":\"https:\/\/fixfm.lt\/app\/uploads\/2024\/02\/DS_1945-1024x683.jpg\",\"datePublished\":\"2023-03-13T12:48:27+00:00\",\"dateModified\":\"2025-04-28T12:13:41+00:00\",\"description\":\"\u201eEgl\u0117s sanatorijos\u201c Druskininkuose pasi\u016blymai lojaliems klientams. Taikomos i\u0161skirtin\u0117s nuolaidos paslaugoms, teikiamos dovanos.\",\"breadcrumb\":{\"@id\":\"https:\/\/fixfm.lt\/en\/druskininkai\/lojalumo-programa\/#breadcrumb\"},\"inLanguage\":\"en-US\",\"potentialAction\":[{\"@type\":\"ReadAction\",\"target\":[\"https:\/\/fixfm.lt\/en\/druskininkai\/lojalumo-programa\/\"]}]},{\"@type\":\"ImageObject\",\"inLanguage\":\"en-US\",\"@id\":\"https:\/\/fixfm.lt\/en\/druskininkai\/lojalumo-programa\/#primaryimage\",\"url\":\"https:\/\/fixfm.lt\/app\/uploads\/2024\/02\/DS_1945-1024x683.jpg\",\"contentUrl\":\"https:\/\/fixfm.lt\/app\/uploads\/2024\/02\/DS_1945-1024x683.jpg\"},{\"@type\":\"BreadcrumbList\",\"@id\":\"https:\/\/fixfm.lt\/en\/druskininkai\/lojalumo-programa\/#breadcrumb\",\"itemListElement\":[{\"@type\":\"ListItem\",\"position\":1,\"name\":\"Home\",\"item\":\"https:\/\/fixfm.lt\/en\/\"},{\"@type\":\"ListItem\",\"position\":2,\"name\":\"Druskininkai\",\"item\":\"https:\/\/fixfm.lt\/en\/druskininkai\/\"},{\"@type\":\"ListItem\",\"position\":3,\"name\":\"Loyalty program\"}]},{\"@type\":\"WebSite\",\"@id\":\"https:\/\/fixfm.lt\/en\/#website\",\"url\":\"https:\/\/fixfm.lt\/en\/\",\"name\":\"Sanatorija\",\"description\":\"Egl\u0117s sanatorija\",\"publisher\":{\"@id\":\"https:\/\/fixfm.lt\/en\/#organization\"},\"potentialAction\":[{\"@type\":\"SearchAction\",\"target\":{\"@type\":\"EntryPoint\",\"urlTemplate\":\"https:\/\/fixfm.lt\/en\/?s={search_term_string}\"},\"query-input\":\"required name=search_term_string\"}],\"inLanguage\":\"en-US\"},{\"@type\":\"Organization\",\"@id\":\"https:\/\/fixfm.lt\/en\/#organization\",\"name\":\"Sanatorija\",\"url\":\"https:\/\/fixfm.lt\/en\/\",\"logo\":{\"@type\":\"ImageObject\",\"inLanguage\":\"en-US\",\"@id\":\"https:\/\/fixfm.lt\/en\/#\/schema\/logo\/image\/\",\"url\":\"https:\/\/fixfm.lt\/app\/uploads\/2023\/03\/main-logo.svg\",\"contentUrl\":\"https:\/\/fixfm.lt\/app\/uploads\/2023\/03\/main-logo.svg\",\"width\":100,\"height\":81,\"caption\":\"Sanatorija\"},\"image\":{\"@id\":\"https:\/\/fixfm.lt\/en\/#\/schema\/logo\/image\/\"},\"sameAs\":[\"https:\/\/www.facebook.com\/eglessanatorija\/\",\"https:\/\/lt.linkedin.com\/company\/medical-spa-egles-sanatorija\",\"https:\/\/www.instagram.com\/sanatorija\/\",\"https:\/\/www.youtube.com\/channel\/UC3p2-SDkLF83WXjBZMYXYtQ\"]}]}<\/script>\n<!-- \/ Yoast SEO plugin. -->","yoast_head_json":{"title":"Special\u016bs pasi\u016blymai lojaliems klientams | Egl\u0117s sanatorija","description":"\u201eEgl\u0117s sanatorijos\u201c Druskininkuose pasi\u016blymai lojaliems klientams. Taikomos i\u0161skirtin\u0117s nuolaidos paslaugoms, teikiamos dovanos.","robots":{"index":"index","follow":"follow","max-snippet":"max-snippet:-1","max-image-preview":"max-image-preview:large","max-video-preview":"max-video-preview:-1"},"canonical":"https:\/\/fixfm.lt\/en\/druskininkai\/lojalumo-programa\/","og_locale":"en_US","og_type":"article","og_title":"Special\u016bs pasi\u016blymai lojaliems klientams | Egl\u0117s sanatorija","og_description":"\u201eEgl\u0117s sanatorijos\u201c Druskininkuose pasi\u016blymai lojaliems klientams. Taikomos i\u0161skirtin\u0117s nuolaidos paslaugoms, teikiamos dovanos.","og_url":"https:\/\/fixfm.lt\/en\/druskininkai\/lojalumo-programa\/","og_site_name":"Sanatorija","article_publisher":"https:\/\/www.facebook.com\/eglessanatorija\/","article_modified_time":"2025-04-28T12:13:41+00:00","og_image":[{"url":"https:\/\/fixfm.lt\/app\/uploads\/2024\/02\/DS_1945-1024x683.jpg"}],"twitter_misc":{"Est. reading time":"1 minute"},"schema":{"@context":"https:\/\/schema.org","@graph":[{"@type":"WebPage","@id":"https:\/\/fixfm.lt\/en\/druskininkai\/lojalumo-programa\/","url":"https:\/\/fixfm.lt\/en\/druskininkai\/lojalumo-programa\/","name":"Special\u016bs pasi\u016blymai lojaliems klientams | Egl\u0117s sanatorija","isPartOf":{"@id":"https:\/\/fixfm.lt\/en\/#website"},"primaryImageOfPage":{"@id":"https:\/\/fixfm.lt\/en\/druskininkai\/lojalumo-programa\/#primaryimage"},"image":{"@id":"https:\/\/fixfm.lt\/en\/druskininkai\/lojalumo-programa\/#primaryimage"},"thumbnailUrl":"https:\/\/fixfm.lt\/app\/uploads\/2024\/02\/DS_1945-1024x683.jpg","datePublished":"2023-03-13T12:48:27+00:00","dateModified":"2025-04-28T12:13:41+00:00","description":"\u201eEgl\u0117s sanatorijos\u201c Druskininkuose pasi\u016blymai lojaliems klientams. Taikomos i\u0161skirtin\u0117s nuolaidos paslaugoms, teikiamos dovanos.","breadcrumb":{"@id":"https:\/\/fixfm.lt\/en\/druskininkai\/lojalumo-programa\/#breadcrumb"},"inLanguage":"en-US","potentialAction":[{"@type":"ReadAction","target":["https:\/\/fixfm.lt\/en\/druskininkai\/lojalumo-programa\/"]}]},{"@type":"ImageObject","inLanguage":"en-US","@id":"https:\/\/fixfm.lt\/en\/druskininkai\/lojalumo-programa\/#primaryimage","url":"https:\/\/fixfm.lt\/app\/uploads\/2024\/02\/DS_1945-1024x683.jpg","contentUrl":"https:\/\/fixfm.lt\/app\/uploads\/2024\/02\/DS_1945-1024x683.jpg"},{"@type":"BreadcrumbList","@id":"https:\/\/fixfm.lt\/en\/druskininkai\/lojalumo-programa\/#breadcrumb","itemListElement":[{"@type":"ListItem","position":1,"name":"Home","item":"https:\/\/fixfm.lt\/en\/"},{"@type":"ListItem","position":2,"name":"Druskininkai","item":"https:\/\/fixfm.lt\/en\/druskininkai\/"},{"@type":"ListItem","position":3,"name":"Loyalty program"}]},{"@type":"WebSite","@id":"https:\/\/fixfm.lt\/en\/#website","url":"https:\/\/fixfm.lt\/en\/","name":"Sanatorija","description":"Egl\u0117s sanatorija","publisher":{"@id":"https:\/\/fixfm.lt\/en\/#organization"},"potentialAction":[{"@type":"SearchAction","target":{"@type":"EntryPoint","urlTemplate":"https:\/\/fixfm.lt\/en\/?s={search_term_string}"},"query-input":"required name=search_term_string"}],"inLanguage":"en-US"},{"@type":"Organization","@id":"https:\/\/fixfm.lt\/en\/#organization","name":"Sanatorija","url":"https:\/\/fixfm.lt\/en\/","logo":{"@type":"ImageObject","inLanguage":"en-US","@id":"https:\/\/fixfm.lt\/en\/#\/schema\/logo\/image\/","url":"https:\/\/fixfm.lt\/app\/uploads\/2023\/03\/main-logo.svg","contentUrl":"https:\/\/fixfm.lt\/app\/uploads\/2023\/03\/main-logo.svg","width":100,"height":81,"caption":"Sanatorija"},"image":{"@id":"https:\/\/fixfm.lt\/en\/#\/schema\/logo\/image\/"},"sameAs":["https:\/\/www.facebook.com\/eglessanatorija\/","https:\/\/lt.linkedin.com\/company\/medical-spa-egles-sanatorija","https:\/\/www.instagram.com\/sanatorija\/","https:\/\/www.youtube.com\/channel\/UC3p2-SDkLF83WXjBZMYXYtQ"]}]}},"_links":{"self":[{"href":"https:\/\/fixfm.lt\/en\/wp-json\/wp\/v2\/pages\/5598","targetHints":{"allow":["GET"]}}],"collection":[{"href":"https:\/\/fixfm.lt\/en\/wp-json\/wp\/v2\/pages"}],"about":[{"href":"https:\/\/fixfm.lt\/en\/wp-json\/wp\/v2\/types\/page"}],"author":[{"embeddable":true,"href":"https:\/\/fixfm.lt\/en\/wp-json\/wp\/v2\/users\/1"}],"replies":[{"embeddable":true,"href":"https:\/\/fixfm.lt\/en\/wp-json\/wp\/v2\/comments?post=5598"}],"version-history":[{"count":1,"href":"https:\/\/fixfm.lt\/en\/wp-json\/wp\/v2\/pages\/5598\/revisions"}],"predecessor-version":[{"id":68947,"href":"https:\/\/fixfm.lt\/en\/wp-json\/wp\/v2\/pages\/5598\/revisions\/68947"}],"up":[{"embeddable":true,"href":"https:\/\/fixfm.lt\/en\/wp-json\/wp\/v2\/pages\/129"}],"wp:attachment":[{"href":"https:\/\/fixfm.lt\/en\/wp-json\/wp\/v2\/media?parent=5598"}],"curies":[{"name":"wp","href":"https:\/\/api.w.org\/{rel}","templated":true}]}}