{"id":5579,"date":"2023-03-13T12:46:01","date_gmt":"2023-03-13T12:46:01","guid":{"rendered":"https:\/\/fixfm.lt\/druskininkai\/laisvalaikio-zonos-ir-biblioteka\/"},"modified":"2025-09-15T06:14:18","modified_gmt":"2025-09-15T06:14:18","slug":"laisvalaikio-zonos-ir-biblioteka","status":"publish","type":"page","link":"https:\/\/fixfm.lt\/en\/druskininkai\/laisvalaikio-zonos-ir-biblioteka\/","title":{"rendered":"Leisure activities"},"content":{"rendered":"\n<div id=\"\" class=\"wp-block-sanatorija-section section section--beige section--spacing-64\"><div class=\"container\">\n<h2 class=\"wp-block-heading\">For those seeking an enriching respite, there are plenty of activities to enjoy at the Medical SPA!<\/h2>\n\n\n\n<p>Spending time in a relaxed state evokes positive thoughts, soothes your soul, and allows you to forget everything and see the beauty and diversity of the world, which is why guests staying at the Medical SPA Egl\u0117s sanatorija can enjoy one of the following events every evening: live music show, bingo, a quiz, a film or a dancing. All of this creates the opportunity to relax and inspire positive emotions with a variety of leisure activities without having to leave the Medical SPA.<\/p>\n\n\n\n                <div class=\"zones\">\n\n                    \n                        <div class=\"zones__item zones__item--left\">\n                            <div class=\"zones__item-image\">\n                                                                    \n                                    <div class=\"services__image\">\n                                        <div class=\"services__image-inner\">\n                                            <img loading=\"lazy\" decoding=\"async\" width=\"800\" height=\"533\" src=\"https:\/\/fixfm.lt\/app\/uploads\/2023\/07\/DS_2574-2186-x-1457-800x533.jpg\" class=\"attachment-tandemum-large size-tandemum-large\" alt=\"\" \/>                                        <\/div>\n                                    <\/div>\n                                                            <\/div>\n\n                            <div class=\"zones__item-content\">\n                                                                    <h6 class=\"zones__item-title\">CHILDREN\u2019S PLAYROOM<\/h6>\n                                \n                                <p>Meaningful free leisure for children is an integral part of learning about life. The Medical SPA Egl\u0117s sanatorija has a children\u2019s playroom where children are looked after by a leisure activities coordinator, as well as a family entertainment room where parents can have fun with their children. Outside you will find a playground. Time in the playrooms and the outdoor playground is free of charge. They can be visited regardless of the level of comfort you live in.<\/p>\n<ul>\n<li>Children\u2019s playroom (Comfort Block) \u2013 children from the age of 3 are looked after by a leisure activities coordinator. You will find the working hours of the playroom below.<\/li>\n<li>Outdoor playground (next to the administration building)<\/li>\n<\/ul>\n\n                                                                    <table class=\"table table--simple table--left\">\n                                        <thead>\n                                            <tr>\n                                                                                                    <td><strong>\nOpening hours <\/strong><\/td>\n                                                                                                    <td><strong><\/strong><\/td>\n                                                                                            <\/tr>\n                                        <\/thead>\n                                        <tbody>\n                                            \n                                                <tr>\n                                                                                                            <td>MON \u2013 SAT<\/td>\n                                                                                                            <td>9.00 AM \u2013 6.00 PM<\/td>\n                                                                                                    <\/tr>\n\n                                            \n                                                <tr>\n                                                                                                            <td>MON \u2013SUN lunch break<\/td>\n                                                                                                            <td>1.00 PM \u2013 2.00 PM<\/td>\n                                                                                                    <\/tr>\n\n                                                                                    <\/tbody>\n                                    <\/table>\n                                \n                                                            <\/div>\n                        <\/div>\n\n                        \n                <\/div>\n\n                \n\n\n                <div class=\"zones\">\n\n                    \n                        <div class=\"zones__item zones__item--left\">\n                            <div class=\"zones__item-image\">\n                                                                    \n                                    <div class=\"services__image\">\n                                        <div class=\"services__image-inner\">\n                                            <img loading=\"lazy\" decoding=\"async\" width=\"800\" height=\"533\" src=\"https:\/\/fixfm.lt\/app\/uploads\/2025\/07\/DSC09582-1024-x-682-800x533.jpg\" class=\"attachment-tandemum-large size-tandemum-large\" alt=\"\" \/>                                        <\/div>\n                                    <\/div>\n                                                            <\/div>\n\n                            <div class=\"zones__item-content\">\n                                                                    <h6 class=\"zones__item-title\">Medical Spa Treatment Museum<\/h6>\n                                \n                                <p><strong>The Medical SPA Treatment Museum is open only during the warm season. We invite you to visit in spring.<\/strong><\/p>\n<p>Druskininkai is home to the first and only Medical SPA Treatment Museum in Lithuania and, most likely, in the world.<\/p>\n<p>Located in the historic reception building of the Medical SPA Egl\u0117s sanatorija, the museum invites visitors to learn about the development of resort therapy over more than half a century. Here you can see not only historical photographs depicting the medical spa treatment methods used in the past but also historical documents, patient records, fragments of doctors\u2019 offices, and even the old canteen. The museum displays authentic equipment that was previously used in therapeutic procedures.<\/p>\n<p>Come visit and learn about the history of medical spa treatments!<\/p>\n\n                                                                    <table class=\"table table--simple table--left\">\n                                        <thead>\n                                            <tr>\n                                                                                                    <td><strong>\nOpening hours <\/strong><\/td>\n                                                                                                    <td><strong><\/strong><\/td>\n                                                                                            <\/tr>\n                                        <\/thead>\n                                        <tbody>\n                                            \n                                                <tr>\n                                                                                                            <td>III<\/td>\n                                                                                                            <td> 3 PM \u2013 5 PM<\/td>\n                                                                                                    <\/tr>\n\n                                            \n                                                <tr>\n                                                                                                            <td>V<\/td>\n                                                                                                            <td>3 PM \u2013 5 PM<\/td>\n                                                                                                    <\/tr>\n\n                                                                                    <\/tbody>\n                                    <\/table>\n                                \n                                                            <\/div>\n                        <\/div>\n\n                        \n                <\/div>\n\n                \n\n\n                <div class=\"zones\">\n\n                    \n                        <div class=\"zones__item zones__item--left\">\n                            <div class=\"zones__item-image\">\n                                                                    \n                                    <div class=\"services__image\">\n                                        <div class=\"services__image-inner\">\n                                            <img loading=\"lazy\" decoding=\"async\" width=\"800\" height=\"533\" src=\"https:\/\/fixfm.lt\/app\/uploads\/2023\/07\/DS_3010-mazinta-800x533.jpg\" class=\"attachment-tandemum-large size-tandemum-large\" alt=\"\" \/>                                        <\/div>\n                                    <\/div>\n                                                            <\/div>\n\n                            <div class=\"zones__item-content\">\n                                                                    <h6 class=\"zones__item-title\">ACTIVE LEISURE<\/h6>\n                                \n                                <p>Medical SPA advocates for active life, movement, love for sports and exercise. Guests living at the Medical SPA in Druskininkai can use tennis courts, basketball, badminton, and volleyball courts outside and take all equipment necessary for the game of sports at no extra charge. Inside the guests can play table tennis, table football, squash, billiards, and air hockey. Guests can also register and participate in free group training sessions \u201cBe active\u201d with Gymsticks, massage training with rollers, try the \u201cPath towards health\u201d, and others. Exercises are conducted by the physiotherapists of the Medical SPA, and if you want to enjoy nature in solitude, you can rent a bicycle, use Nordic walking poles for free, dream peacefully in the Winter Garden or lie on a hammock or a deck hair while basking in the sun surrounded by flowers.&#8221;<\/p>\n\n                                \n                                                            <\/div>\n                        <\/div>\n\n                        \n                <\/div>\n\n                \n\n\n                <div class=\"zones\">\n\n                    \n                        <div class=\"zones__item zones__item--left\">\n                            <div class=\"zones__item-image\">\n                                                                    <div class=\"dual-images\">\n                                                                                    <div class=\"dual-images__image dual-images__image--top\">\n                                                <div class=\"dual-images__image-inner\">\n                                                    <img loading=\"lazy\" decoding=\"async\" width=\"2048\" height=\"1366\" src=\"https:\/\/fixfm.lt\/app\/uploads\/2023\/07\/DS_0119-2048x1366.jpg\" class=\"attachment-tandemum-full size-tandemum-full\" alt=\"\" \/>                                                <\/div>\n                                            <\/div>\n                                        \n                                                                                    <div class=\"dual-images__image dual-images__image--bottom\">\n                                                <div class=\"dual-images__image-inner\">\n                                                    <img loading=\"lazy\" decoding=\"async\" width=\"1395\" height=\"1054\" src=\"https:\/\/fixfm.lt\/app\/uploads\/2023\/07\/foto-1395-x-1054.jpg\" class=\"attachment-tandemum-full size-tandemum-full\" alt=\"\" \/>                                                <\/div>\n                                            <\/div>\n                                                                            <\/div>\n                                                            <\/div>\n\n                            <div class=\"zones__item-content\">\n                                                                    <h6 class=\"zones__item-title\">EXHIBITIONS AND THE LIBRARY<\/h6>\n                                \n                                <p>Every month, the artworks of famous Lithuanian painters are exhibited at the Medical SPA, allowing you to learn about art and get to know various Lithuanian creators, admire their stunning work and draw some inspiration for yourself.<\/p>\n<p><strong>Library space at the \u201c\u017dalias sodas\u201d caf\u00e9!<\/strong><\/p>\n<p>Behind a decorative partition in the caf\u00e9, a cosy world of books opens up \u2013 an entire wall lined with books of various genres, inviting you to pause, sit down, and immerse yourself in the pleasure of reading. You can take the books and read them wherever you like. When you have finished reading them, you can leave them in your room or return them to this library space so that other guests of the Medical SPA can also enjoy them.<\/p>\n<p>While spending time at the Medical SPA, you also can use the modern library system and borrow any book that you want. After choosing and ordering the book online, it will be delivered directly to the reception! The holidays are a great time to fire your imagination and immerse yourself in the hidden worlds!<\/p>\n\n                                \n                                                                    <div class=\"block-button__wrap block-button__wrap--left\">\n                                        <a href=\"https:\/\/biblioteka.sanatorija.lt\/\" class=\"block-button block-button__read-more block-button__read-more\">\n                                            <span class=\"block-button__icon icon-arrow-large-right\"><\/span>Order the desired e-book. in the e-library!                                        <\/a>\n                                    <\/div>\n                                                            <\/div>\n                        <\/div>\n\n                        \n                <\/div>\n\n                <\/div><\/div>\n","protected":false},"excerpt":{"rendered":"","protected":false},"author":1,"featured_media":0,"parent":129,"menu_order":19,"comment_status":"closed","ping_status":"closed","template":"template-page-featured-sections.blade.php","meta":{"_acf_changed":false,"inline_featured_image":false,"footnotes":""},"class_list":["post-5579","page","type-page","status-publish","hentry"],"acf":[],"yoast_head":"<!-- This site is optimized with the Yoast SEO plugin v22.9 - https:\/\/yoast.com\/wordpress\/plugins\/seo\/ -->\n<title>Laisvalaikio zonos ir vaik\u0173 kambarys Druskininkai | Egl\u0117s sanatorija<\/title>\n<meta name=\"description\" content=\"Stalo ir lauko \u017eaidim\u0173 nuoma, teniso aik\u0161t\u0117 ir inventorius, kitos laisvalaikio pramogos. Vaik\u0173 kambarys NEMOKAMAI!\" \/>\n<meta name=\"robots\" content=\"index, follow, max-snippet:-1, max-image-preview:large, max-video-preview:-1\" \/>\n<link rel=\"canonical\" href=\"https:\/\/fixfm.lt\/en\/druskininkai\/laisvalaikio-zonos-ir-biblioteka\/\" \/>\n<meta property=\"og:locale\" content=\"en_US\" \/>\n<meta property=\"og:type\" content=\"article\" \/>\n<meta property=\"og:title\" content=\"Laisvalaikio zonos ir vaik\u0173 kambarys Druskininkai | Egl\u0117s sanatorija\" \/>\n<meta property=\"og:description\" content=\"Stalo ir lauko \u017eaidim\u0173 nuoma, teniso aik\u0161t\u0117 ir inventorius, kitos laisvalaikio pramogos. Vaik\u0173 kambarys NEMOKAMAI!\" \/>\n<meta property=\"og:url\" content=\"https:\/\/fixfm.lt\/en\/druskininkai\/laisvalaikio-zonos-ir-biblioteka\/\" \/>\n<meta property=\"og:site_name\" content=\"Sanatorija\" \/>\n<meta property=\"article:publisher\" content=\"https:\/\/www.facebook.com\/eglessanatorija\/\" \/>\n<meta property=\"article:modified_time\" content=\"2025-09-15T06:14:18+00:00\" \/>\n<meta name=\"twitter:label1\" content=\"Est. reading time\" \/>\n\t<meta name=\"twitter:data1\" content=\"1 minute\" \/>\n<script type=\"application\/ld+json\" class=\"yoast-schema-graph\">{\"@context\":\"https:\/\/schema.org\",\"@graph\":[{\"@type\":\"WebPage\",\"@id\":\"https:\/\/fixfm.lt\/en\/druskininkai\/laisvalaikio-zonos-ir-biblioteka\/\",\"url\":\"https:\/\/fixfm.lt\/en\/druskininkai\/laisvalaikio-zonos-ir-biblioteka\/\",\"name\":\"Laisvalaikio zonos ir vaik\u0173 kambarys Druskininkai | Egl\u0117s sanatorija\",\"isPartOf\":{\"@id\":\"https:\/\/fixfm.lt\/en\/#website\"},\"datePublished\":\"2023-03-13T12:46:01+00:00\",\"dateModified\":\"2025-09-15T06:14:18+00:00\",\"description\":\"Stalo ir lauko \u017eaidim\u0173 nuoma, teniso aik\u0161t\u0117 ir inventorius, kitos laisvalaikio pramogos. Vaik\u0173 kambarys NEMOKAMAI!\",\"breadcrumb\":{\"@id\":\"https:\/\/fixfm.lt\/en\/druskininkai\/laisvalaikio-zonos-ir-biblioteka\/#breadcrumb\"},\"inLanguage\":\"en-US\",\"potentialAction\":[{\"@type\":\"ReadAction\",\"target\":[\"https:\/\/fixfm.lt\/en\/druskininkai\/laisvalaikio-zonos-ir-biblioteka\/\"]}]},{\"@type\":\"BreadcrumbList\",\"@id\":\"https:\/\/fixfm.lt\/en\/druskininkai\/laisvalaikio-zonos-ir-biblioteka\/#breadcrumb\",\"itemListElement\":[{\"@type\":\"ListItem\",\"position\":1,\"name\":\"Home\",\"item\":\"https:\/\/fixfm.lt\/en\/\"},{\"@type\":\"ListItem\",\"position\":2,\"name\":\"Druskininkai\",\"item\":\"https:\/\/fixfm.lt\/en\/druskininkai\/\"},{\"@type\":\"ListItem\",\"position\":3,\"name\":\"Leisure activities\"}]},{\"@type\":\"WebSite\",\"@id\":\"https:\/\/fixfm.lt\/en\/#website\",\"url\":\"https:\/\/fixfm.lt\/en\/\",\"name\":\"Sanatorija\",\"description\":\"Egl\u0117s sanatorija\",\"publisher\":{\"@id\":\"https:\/\/fixfm.lt\/en\/#organization\"},\"potentialAction\":[{\"@type\":\"SearchAction\",\"target\":{\"@type\":\"EntryPoint\",\"urlTemplate\":\"https:\/\/fixfm.lt\/en\/?s={search_term_string}\"},\"query-input\":\"required name=search_term_string\"}],\"inLanguage\":\"en-US\"},{\"@type\":\"Organization\",\"@id\":\"https:\/\/fixfm.lt\/en\/#organization\",\"name\":\"Sanatorija\",\"url\":\"https:\/\/fixfm.lt\/en\/\",\"logo\":{\"@type\":\"ImageObject\",\"inLanguage\":\"en-US\",\"@id\":\"https:\/\/fixfm.lt\/en\/#\/schema\/logo\/image\/\",\"url\":\"https:\/\/fixfm.lt\/app\/uploads\/2023\/03\/main-logo.svg\",\"contentUrl\":\"https:\/\/fixfm.lt\/app\/uploads\/2023\/03\/main-logo.svg\",\"width\":100,\"height\":81,\"caption\":\"Sanatorija\"},\"image\":{\"@id\":\"https:\/\/fixfm.lt\/en\/#\/schema\/logo\/image\/\"},\"sameAs\":[\"https:\/\/www.facebook.com\/eglessanatorija\/\",\"https:\/\/lt.linkedin.com\/company\/medical-spa-egles-sanatorija\",\"https:\/\/www.instagram.com\/sanatorija\/\",\"https:\/\/www.youtube.com\/channel\/UC3p2-SDkLF83WXjBZMYXYtQ\"]}]}<\/script>\n<!-- \/ Yoast SEO plugin. -->","yoast_head_json":{"title":"Laisvalaikio zonos ir vaik\u0173 kambarys Druskininkai | Egl\u0117s sanatorija","description":"Stalo ir lauko \u017eaidim\u0173 nuoma, teniso aik\u0161t\u0117 ir inventorius, kitos laisvalaikio pramogos. Vaik\u0173 kambarys NEMOKAMAI!","robots":{"index":"index","follow":"follow","max-snippet":"max-snippet:-1","max-image-preview":"max-image-preview:large","max-video-preview":"max-video-preview:-1"},"canonical":"https:\/\/fixfm.lt\/en\/druskininkai\/laisvalaikio-zonos-ir-biblioteka\/","og_locale":"en_US","og_type":"article","og_title":"Laisvalaikio zonos ir vaik\u0173 kambarys Druskininkai | Egl\u0117s sanatorija","og_description":"Stalo ir lauko \u017eaidim\u0173 nuoma, teniso aik\u0161t\u0117 ir inventorius, kitos laisvalaikio pramogos. Vaik\u0173 kambarys NEMOKAMAI!","og_url":"https:\/\/fixfm.lt\/en\/druskininkai\/laisvalaikio-zonos-ir-biblioteka\/","og_site_name":"Sanatorija","article_publisher":"https:\/\/www.facebook.com\/eglessanatorija\/","article_modified_time":"2025-09-15T06:14:18+00:00","twitter_misc":{"Est. reading time":"1 minute"},"schema":{"@context":"https:\/\/schema.org","@graph":[{"@type":"WebPage","@id":"https:\/\/fixfm.lt\/en\/druskininkai\/laisvalaikio-zonos-ir-biblioteka\/","url":"https:\/\/fixfm.lt\/en\/druskininkai\/laisvalaikio-zonos-ir-biblioteka\/","name":"Laisvalaikio zonos ir vaik\u0173 kambarys Druskininkai | Egl\u0117s sanatorija","isPartOf":{"@id":"https:\/\/fixfm.lt\/en\/#website"},"datePublished":"2023-03-13T12:46:01+00:00","dateModified":"2025-09-15T06:14:18+00:00","description":"Stalo ir lauko \u017eaidim\u0173 nuoma, teniso aik\u0161t\u0117 ir inventorius, kitos laisvalaikio pramogos. Vaik\u0173 kambarys NEMOKAMAI!","breadcrumb":{"@id":"https:\/\/fixfm.lt\/en\/druskininkai\/laisvalaikio-zonos-ir-biblioteka\/#breadcrumb"},"inLanguage":"en-US","potentialAction":[{"@type":"ReadAction","target":["https:\/\/fixfm.lt\/en\/druskininkai\/laisvalaikio-zonos-ir-biblioteka\/"]}]},{"@type":"BreadcrumbList","@id":"https:\/\/fixfm.lt\/en\/druskininkai\/laisvalaikio-zonos-ir-biblioteka\/#breadcrumb","itemListElement":[{"@type":"ListItem","position":1,"name":"Home","item":"https:\/\/fixfm.lt\/en\/"},{"@type":"ListItem","position":2,"name":"Druskininkai","item":"https:\/\/fixfm.lt\/en\/druskininkai\/"},{"@type":"ListItem","position":3,"name":"Leisure activities"}]},{"@type":"WebSite","@id":"https:\/\/fixfm.lt\/en\/#website","url":"https:\/\/fixfm.lt\/en\/","name":"Sanatorija","description":"Egl\u0117s sanatorija","publisher":{"@id":"https:\/\/fixfm.lt\/en\/#organization"},"potentialAction":[{"@type":"SearchAction","target":{"@type":"EntryPoint","urlTemplate":"https:\/\/fixfm.lt\/en\/?s={search_term_string}"},"query-input":"required name=search_term_string"}],"inLanguage":"en-US"},{"@type":"Organization","@id":"https:\/\/fixfm.lt\/en\/#organization","name":"Sanatorija","url":"https:\/\/fixfm.lt\/en\/","logo":{"@type":"ImageObject","inLanguage":"en-US","@id":"https:\/\/fixfm.lt\/en\/#\/schema\/logo\/image\/","url":"https:\/\/fixfm.lt\/app\/uploads\/2023\/03\/main-logo.svg","contentUrl":"https:\/\/fixfm.lt\/app\/uploads\/2023\/03\/main-logo.svg","width":100,"height":81,"caption":"Sanatorija"},"image":{"@id":"https:\/\/fixfm.lt\/en\/#\/schema\/logo\/image\/"},"sameAs":["https:\/\/www.facebook.com\/eglessanatorija\/","https:\/\/lt.linkedin.com\/company\/medical-spa-egles-sanatorija","https:\/\/www.instagram.com\/sanatorija\/","https:\/\/www.youtube.com\/channel\/UC3p2-SDkLF83WXjBZMYXYtQ"]}]}},"_links":{"self":[{"href":"https:\/\/fixfm.lt\/en\/wp-json\/wp\/v2\/pages\/5579","targetHints":{"allow":["GET"]}}],"collection":[{"href":"https:\/\/fixfm.lt\/en\/wp-json\/wp\/v2\/pages"}],"about":[{"href":"https:\/\/fixfm.lt\/en\/wp-json\/wp\/v2\/types\/page"}],"author":[{"embeddable":true,"href":"https:\/\/fixfm.lt\/en\/wp-json\/wp\/v2\/users\/1"}],"replies":[{"embeddable":true,"href":"https:\/\/fixfm.lt\/en\/wp-json\/wp\/v2\/comments?post=5579"}],"version-history":[{"count":2,"href":"https:\/\/fixfm.lt\/en\/wp-json\/wp\/v2\/pages\/5579\/revisions"}],"predecessor-version":[{"id":111456,"href":"https:\/\/fixfm.lt\/en\/wp-json\/wp\/v2\/pages\/5579\/revisions\/111456"}],"up":[{"embeddable":true,"href":"https:\/\/fixfm.lt\/en\/wp-json\/wp\/v2\/pages\/129"}],"wp:attachment":[{"href":"https:\/\/fixfm.lt\/en\/wp-json\/wp\/v2\/media?parent=5579"}],"curies":[{"name":"wp","href":"https:\/\/api.w.org\/{rel}","templated":true}]}}