{"id":5580,"date":"2023-03-13T12:46:01","date_gmt":"2023-03-13T12:46:01","guid":{"rendered":"https:\/\/fixfm.lt\/druskininkai\/laisvalaikio-zonos-ir-biblioteka\/"},"modified":"2025-09-15T06:15:55","modified_gmt":"2025-09-15T06:15:55","slug":"laisvalaikio-zonos-ir-biblioteka","status":"publish","type":"page","link":"https:\/\/fixfm.lt\/de\/druskininkai\/laisvalaikio-zonos-ir-biblioteka\/","title":{"rendered":"Freizeitaktivit\u00e4ten"},"content":{"rendered":"\n<div id=\"\" class=\"wp-block-sanatorija-section section section--beige section--spacing-64\"><div class=\"container\">\n<h2 class=\"wp-block-heading\">F\u00fcr diejenigen, die eine abwechslungsreiche Freizeitgestaltung suchen, gibt es im Kurzentrum zahlreiche Aktivit\u00e4ten!<\/h2>\n\n\n\n<p>Die Zeit, die Sie inhaltsreich verbringen, gibt Ihnen positive Gedanken, erhellt Ihren Geist, l\u00e4sst Sie sich vergessen, die Sch\u00f6nheit und Vielfalt der Welt sehen. Deshalb k\u00f6nnen die G\u00e4ste des Kurzentrums \u201eEgl\u0117s sanatorija\u201c jeden Abend eine der folgenden Unterhaltungsm\u00f6glichkeiten genie\u00dfen: Live-Musik-Auftritte, Bingo, Quiz oder einen Film, Tanzen. All dies bietet die M\u00f6glichkeit, sich zu entspannen und neue Emotionen mit einer immer anderen Freizeitaktivit\u00e4t zu erleben, ohne das Kurzentrum zu verlassen.<\/p>\n\n\n\n                <div class=\"zones\">\n\n                    \n                        <div class=\"zones__item zones__item--left\">\n                            <div class=\"zones__item-image\">\n                                                                    \n                                    <div class=\"services__image\">\n                                        <div class=\"services__image-inner\">\n                                            <img loading=\"lazy\" decoding=\"async\" width=\"800\" height=\"533\" src=\"https:\/\/fixfm.lt\/app\/uploads\/2023\/07\/DS_2574-2186-x-1457-800x533.jpg\" class=\"attachment-tandemum-large size-tandemum-large\" alt=\"\" \/>                                        <\/div>\n                                    <\/div>\n                                                            <\/div>\n\n                            <div class=\"zones__item-content\">\n                                                                    <h6 class=\"zones__item-title\">KINDERBEREICH<\/h6>\n                                \n                                <p>Inhaltsreiche Freizeitaktivit\u00e4ten f\u00fcr Kinder ist ein wesentlicher Bestandteil des Lernens \u00fcber das Leben. Das Kurzentrum \u201eEgl\u0117s sanatorija\u201c verf\u00fcgt \u00fcber einen Kinderbereich, in dem die Kinder von einem Koordinator f\u00fcr Freizeitgestaltung beaufsichtigt werden, sowie \u00fcber einen Familienfreizeitraum, in dem Eltern mit ihren Kindern Spa\u00df haben k\u00f6nnen. Drau\u00dfen gibt es einen Spielplatz. Die Unterhaltungen in den Spielzimmern und auf dem Spielplatz im Freien sind kostenlos. Sie stehen Ihnen zur Verf\u00fcgung unabh\u00e4ngig von Ihrem Komfortniveau.<\/p>\n<ul>\n<li>Kinderspielzimmer (Comfort) \u2013 Kinder ab 3 Jahren werden von einem Koordinator f\u00fcr Freizeitgestaltung beaufsichtigt, \u00d6ffnungszeiten siehe unten.<\/li>\n<\/ul>\n<ul>\n<li>Spielplatz im Freien (in der N\u00e4he des Verwaltungsgeb\u00e4udes).<\/li>\n<\/ul>\n\n                                                                    <table class=\"table table--simple table--left\">\n                                        <thead>\n                                            <tr>\n                                                                                                    <td><strong>\u00d6ffnungszeiten<\/strong><\/td>\n                                                                                                    <td><strong><\/strong><\/td>\n                                                                                            <\/tr>\n                                        <\/thead>\n                                        <tbody>\n                                            \n                                                <tr>\n                                                                                                            <td>\nMo \u2013 Sa<\/td>\n                                                                                                            <td>9.00\u201318.00<\/td>\n                                                                                                    <\/tr>\n\n                                            \n                                                <tr>\n                                                                                                            <td>Mo \u2013 Sa Mittagspause<\/td>\n                                                                                                            <td>13.00\u201314.00<\/td>\n                                                                                                    <\/tr>\n\n                                                                                    <\/tbody>\n                                    <\/table>\n                                \n                                                            <\/div>\n                        <\/div>\n\n                        \n                <\/div>\n\n                \n\n\n                <div class=\"zones\">\n\n                    \n                        <div class=\"zones__item zones__item--left\">\n                            <div class=\"zones__item-image\">\n                                                                    \n                                    <div class=\"services__image\">\n                                        <div class=\"services__image-inner\">\n                                            <img loading=\"lazy\" decoding=\"async\" width=\"800\" height=\"533\" src=\"https:\/\/fixfm.lt\/app\/uploads\/2025\/07\/DSC09582-1024-x-682-800x533.jpg\" class=\"attachment-tandemum-large size-tandemum-large\" alt=\"\" \/>                                        <\/div>\n                                    <\/div>\n                                                            <\/div>\n\n                            <div class=\"zones__item-content\">\n                                                                    <h6 class=\"zones__item-title\">Kurbehandlungsmuseum<\/h6>\n                                \n                                <p><strong>Kurbehandlungsmuseum ist nur in der warmen Jahreszeit ge\u00f6ffnet. Wir laden Sie ein, es im Fr\u00fchling zu besuchen.<\/strong><\/p>\n<p>In Druskininkai befindet sich das erste und einzige Kurbehandlungsmuseum Litauens \u2013 und wahrscheinlich weltweit.<\/p>\n<p>Es befindet sich im historischen Geb\u00e4ude der Rezeption der \u201eEgl\u0117s sanatorija\u201c. Das Museum l\u00e4dt Besucher ein, mehr \u00fcber die \u00fcber 50-j\u00e4hrige Geschichte der Kurortologie zu erfahren. Hier k\u00f6nnen nicht nur historische Fotos von den fr\u00fcher angewandten Behandlungsmethoden, sondern auch historische Dokumente, Patientenakten und Fragmente von Arztpraxen bewundert sowie die alte Kantine besichtigt werden. Im Museum sind zudem authentische Ger\u00e4te ausgestellt, die fr\u00fcher f\u00fcr Heilbehandlungen verwendet wurden. Wir laden Sie herzlich ein, uns zu besuchen und sich auf eine Reise in die<\/p>\n<p>Vergangenheit der Kurbehandlung zu begeben!<\/p>\n\n                                                                    <table class=\"table table--simple table--left\">\n                                        <thead>\n                                            <tr>\n                                                                                                    <td><strong>\u00d6ffnungszeiten<\/strong><\/td>\n                                                                                                    <td><strong><\/strong><\/td>\n                                                                                            <\/tr>\n                                        <\/thead>\n                                        <tbody>\n                                            \n                                                <tr>\n                                                                                                            <td>III<\/td>\n                                                                                                            <td>15:00-17:00<\/td>\n                                                                                                    <\/tr>\n\n                                            \n                                                <tr>\n                                                                                                            <td>V<\/td>\n                                                                                                            <td>15:00-17:00<\/td>\n                                                                                                    <\/tr>\n\n                                                                                    <\/tbody>\n                                    <\/table>\n                                \n                                                            <\/div>\n                        <\/div>\n\n                        \n                <\/div>\n\n                \n\n\n                <div class=\"zones\">\n\n                    \n                        <div class=\"zones__item zones__item--left\">\n                            <div class=\"zones__item-image\">\n                                                                    \n                                    <div class=\"services__image\">\n                                        <div class=\"services__image-inner\">\n                                            <img loading=\"lazy\" decoding=\"async\" width=\"800\" height=\"533\" src=\"https:\/\/fixfm.lt\/app\/uploads\/2023\/07\/DS_3010-mazinta-800x533.jpg\" class=\"attachment-tandemum-large size-tandemum-large\" alt=\"\" \/>                                        <\/div>\n                                    <\/div>\n                                                            <\/div>\n\n                            <div class=\"zones__item-content\">\n                                                                    <h6 class=\"zones__item-title\">AKTIVE FREIZEIT<\/h6>\n                                \n                                <p>Aktives Leben, Bewegung, Liebe zum Sport und zur Bewegung sind auch ein nahes Thema des Kurzentrums, das die Ideen der Gesundheitsf\u00f6rderung hegt. Die G\u00e4ste des Kurzentrums in Druskininkai k\u00f6nnen Tennispl\u00e4tze, Basketball-, Badminton- und Volleyballpl\u00e4tze im Freien sowie alle Sportger\u00e4te kostenlos nutzen. In den Innenr\u00e4umen kann man Tischtennis und Tischfu\u00dfball, Squash, Billard und Airhockey spielen. Die G\u00e4ste k\u00f6nnen sich auch f\u00fcr kostenlose Gruppentrainings \u201eSei aktiv\u201c anmelden und daran teilnehmen: mit Gymsticks, Massagetraining mit Rollen, den Pfad \u201eAuf dem Weg zur Gesundheit\u201c und mehr ausprobieren. Die Trainings werden von den Physiotherapeuten des Kurzentrums gef\u00fchrt. Wenn Sie die Natur in der Einsamkeit genie\u00dfen m\u00f6chten, k\u00f6nnen Sie ein Fahrrad ausleihen, kostenlos Nordic-Walking-St\u00f6cke benutzen oder einfach im Wintergarten bzw. in einer H\u00e4ngematte tr\u00e4umen und die Sonne auf den von Blumen umgebenen Liegest\u00fchlen genie\u00dfen.<\/p>\n\n                                \n                                                            <\/div>\n                        <\/div>\n\n                        \n                <\/div>\n\n                \n\n\n                <div class=\"zones\">\n\n                    \n                        <div class=\"zones__item zones__item--left\">\n                            <div class=\"zones__item-image\">\n                                                                    <div class=\"dual-images\">\n                                                                                    <div class=\"dual-images__image dual-images__image--top\">\n                                                <div class=\"dual-images__image-inner\">\n                                                    <img loading=\"lazy\" decoding=\"async\" width=\"2048\" height=\"1366\" src=\"https:\/\/fixfm.lt\/app\/uploads\/2023\/07\/DS_0119-2048x1366.jpg\" class=\"attachment-tandemum-full size-tandemum-full\" alt=\"\" \/>                                                <\/div>\n                                            <\/div>\n                                        \n                                                                                    <div class=\"dual-images__image dual-images__image--bottom\">\n                                                <div class=\"dual-images__image-inner\">\n                                                    <img loading=\"lazy\" decoding=\"async\" width=\"1395\" height=\"1054\" src=\"https:\/\/fixfm.lt\/app\/uploads\/2023\/07\/foto-1395-x-1054.jpg\" class=\"attachment-tandemum-full size-tandemum-full\" alt=\"\" \/>                                                <\/div>\n                                            <\/div>\n                                                                            <\/div>\n                                                            <\/div>\n\n                            <div class=\"zones__item-content\">\n                                                                    <h6 class=\"zones__item-title\">AUSSTELLUNGEN UND BIBLIOTHEK<\/h6>\n                                \n                                <p>Jeden Monat findet im Kurzentrum eine andere Ausstellung ber\u00fchmter litauischer Maler statt. So k\u00f6nnen Sie sich mit der Kunst bekannt machen, verschiedene litauische K\u00fcnstler kennenlernen, ihre beeindruckenden Werke bewundern und sich selbst inspirieren lassen.<\/p>\n<p><strong>Caf\u00e9-Bibliothek \u201e\u017dalias sodas\u201c!<\/strong><\/p>\n<p>Hinter einer dekorativen Trennwand im Caf\u00e9 er\u00f6ffnet sich eine gem\u00fctliche Welt der B\u00fccher \u2013 eine ganze Wand voller B\u00fccher verschiedener Genres, die dazu einladen, anzuhalten, sich hinzusetzen und in das Lesevergn\u00fcgen einzutauchen. Sie k\u00f6nnen die B\u00fccher mitnehmen und an einem Ort Ihrer Wahl lesen. Nach dem Lesen k\u00f6nnen Sie sie im Zimmer lassen oder in diesen Bibliotheksbereich zur\u00fcckbringen, damit auch andere G\u00e4ste des Kurzentrums sich an den B\u00fcchern erfreuen k\u00f6nnen.<\/p>\n<p>Sie k\u00f6nnen bei Ihrem Aufenthalt im Kurzentrum auch das moderne Bibliothekssystem nutzen und sich ein Buch ausleihen. Wenn Sie Ihr Buch online ausgew\u00e4hlt und bestellt haben, wird es direkt an die Rezeption geliefert! Der Urlaub ist perfekte Zeit, um Ihrer Fantasie freien Lauf zu lassen und in die Welt eines Buches einzutauchen!<\/p>\n\n                                \n                                                                    <div class=\"block-button__wrap block-button__wrap--left\">\n                                        <a href=\"https:\/\/biblioteka.sanatorija.lt\/\" class=\"block-button block-button__read-more block-button__read-more\">\n                                            <span class=\"block-button__icon icon-arrow-large-right\"><\/span>Bestellen Sie Ihr Wunsch-E-Book. in der E-Bibliothek!                                        <\/a>\n                                    <\/div>\n                                                            <\/div>\n                        <\/div>\n\n                        \n                <\/div>\n\n                <\/div><\/div>\n","protected":false},"excerpt":{"rendered":"","protected":false},"author":1,"featured_media":0,"parent":131,"menu_order":19,"comment_status":"closed","ping_status":"closed","template":"template-page-featured-sections.blade.php","meta":{"_acf_changed":false,"inline_featured_image":false,"footnotes":""},"class_list":["post-5580","page","type-page","status-publish","hentry"],"acf":[],"yoast_head":"<!-- This site is optimized with the Yoast SEO plugin v22.9 - https:\/\/yoast.com\/wordpress\/plugins\/seo\/ -->\n<title>Laisvalaikio zonos ir vaik\u0173 kambarys Druskininkai | Egl\u0117s sanatorija<\/title>\n<meta name=\"description\" content=\"Stalo ir lauko \u017eaidim\u0173 nuoma, teniso aik\u0161t\u0117 ir inventorius, kitos laisvalaikio pramogos. Vaik\u0173 kambarys NEMOKAMAI!\" \/>\n<meta name=\"robots\" content=\"index, follow, max-snippet:-1, max-image-preview:large, max-video-preview:-1\" \/>\n<link rel=\"canonical\" href=\"https:\/\/fixfm.lt\/de\/druskininkai\/laisvalaikio-zonos-ir-biblioteka\/\" \/>\n<meta property=\"og:locale\" content=\"de_DE\" \/>\n<meta property=\"og:type\" content=\"article\" \/>\n<meta property=\"og:title\" content=\"Laisvalaikio zonos ir vaik\u0173 kambarys Druskininkai | Egl\u0117s sanatorija\" \/>\n<meta property=\"og:description\" content=\"Stalo ir lauko \u017eaidim\u0173 nuoma, teniso aik\u0161t\u0117 ir inventorius, kitos laisvalaikio pramogos. Vaik\u0173 kambarys NEMOKAMAI!\" \/>\n<meta property=\"og:url\" content=\"https:\/\/fixfm.lt\/de\/druskininkai\/laisvalaikio-zonos-ir-biblioteka\/\" \/>\n<meta property=\"og:site_name\" content=\"Sanatorija\" \/>\n<meta property=\"article:publisher\" content=\"https:\/\/www.facebook.com\/eglessanatorija\/\" \/>\n<meta property=\"article:modified_time\" content=\"2025-09-15T06:15:55+00:00\" \/>\n<meta name=\"twitter:label1\" content=\"Est. reading time\" \/>\n\t<meta name=\"twitter:data1\" content=\"1 minute\" \/>\n<script type=\"application\/ld+json\" class=\"yoast-schema-graph\">{\"@context\":\"https:\/\/schema.org\",\"@graph\":[{\"@type\":\"WebPage\",\"@id\":\"https:\/\/fixfm.lt\/de\/druskininkai\/laisvalaikio-zonos-ir-biblioteka\/\",\"url\":\"https:\/\/fixfm.lt\/de\/druskininkai\/laisvalaikio-zonos-ir-biblioteka\/\",\"name\":\"Laisvalaikio zonos ir vaik\u0173 kambarys Druskininkai | Egl\u0117s sanatorija\",\"isPartOf\":{\"@id\":\"https:\/\/fixfm.lt\/de\/#website\"},\"datePublished\":\"2023-03-13T12:46:01+00:00\",\"dateModified\":\"2025-09-15T06:15:55+00:00\",\"description\":\"Stalo ir lauko \u017eaidim\u0173 nuoma, teniso aik\u0161t\u0117 ir inventorius, kitos laisvalaikio pramogos. Vaik\u0173 kambarys NEMOKAMAI!\",\"breadcrumb\":{\"@id\":\"https:\/\/fixfm.lt\/de\/druskininkai\/laisvalaikio-zonos-ir-biblioteka\/#breadcrumb\"},\"inLanguage\":\"de-DE\",\"potentialAction\":[{\"@type\":\"ReadAction\",\"target\":[\"https:\/\/fixfm.lt\/de\/druskininkai\/laisvalaikio-zonos-ir-biblioteka\/\"]}]},{\"@type\":\"BreadcrumbList\",\"@id\":\"https:\/\/fixfm.lt\/de\/druskininkai\/laisvalaikio-zonos-ir-biblioteka\/#breadcrumb\",\"itemListElement\":[{\"@type\":\"ListItem\",\"position\":1,\"name\":\"Home\",\"item\":\"https:\/\/fixfm.lt\/de\/\"},{\"@type\":\"ListItem\",\"position\":2,\"name\":\"Druskininkai\",\"item\":\"https:\/\/fixfm.lt\/de\/druskininkai\/\"},{\"@type\":\"ListItem\",\"position\":3,\"name\":\"Freizeitaktivit\u00e4ten\"}]},{\"@type\":\"WebSite\",\"@id\":\"https:\/\/fixfm.lt\/de\/#website\",\"url\":\"https:\/\/fixfm.lt\/de\/\",\"name\":\"Sanatorija\",\"description\":\"Egl\u0117s sanatorija\",\"publisher\":{\"@id\":\"https:\/\/fixfm.lt\/de\/#organization\"},\"potentialAction\":[{\"@type\":\"SearchAction\",\"target\":{\"@type\":\"EntryPoint\",\"urlTemplate\":\"https:\/\/fixfm.lt\/de\/?s={search_term_string}\"},\"query-input\":\"required name=search_term_string\"}],\"inLanguage\":\"de-DE\"},{\"@type\":\"Organization\",\"@id\":\"https:\/\/fixfm.lt\/de\/#organization\",\"name\":\"Sanatorija\",\"url\":\"https:\/\/fixfm.lt\/de\/\",\"logo\":{\"@type\":\"ImageObject\",\"inLanguage\":\"de-DE\",\"@id\":\"https:\/\/fixfm.lt\/de\/#\/schema\/logo\/image\/\",\"url\":\"https:\/\/fixfm.lt\/app\/uploads\/2023\/03\/main-logo.svg\",\"contentUrl\":\"https:\/\/fixfm.lt\/app\/uploads\/2023\/03\/main-logo.svg\",\"width\":100,\"height\":81,\"caption\":\"Sanatorija\"},\"image\":{\"@id\":\"https:\/\/fixfm.lt\/de\/#\/schema\/logo\/image\/\"},\"sameAs\":[\"https:\/\/www.facebook.com\/eglessanatorija\/\",\"https:\/\/lt.linkedin.com\/company\/medical-spa-egles-sanatorija\",\"https:\/\/www.instagram.com\/sanatorija\/\",\"https:\/\/www.youtube.com\/channel\/UC3p2-SDkLF83WXjBZMYXYtQ\"]}]}<\/script>\n<!-- \/ Yoast SEO plugin. -->","yoast_head_json":{"title":"Laisvalaikio zonos ir vaik\u0173 kambarys Druskininkai | Egl\u0117s sanatorija","description":"Stalo ir lauko \u017eaidim\u0173 nuoma, teniso aik\u0161t\u0117 ir inventorius, kitos laisvalaikio pramogos. Vaik\u0173 kambarys NEMOKAMAI!","robots":{"index":"index","follow":"follow","max-snippet":"max-snippet:-1","max-image-preview":"max-image-preview:large","max-video-preview":"max-video-preview:-1"},"canonical":"https:\/\/fixfm.lt\/de\/druskininkai\/laisvalaikio-zonos-ir-biblioteka\/","og_locale":"de_DE","og_type":"article","og_title":"Laisvalaikio zonos ir vaik\u0173 kambarys Druskininkai | Egl\u0117s sanatorija","og_description":"Stalo ir lauko \u017eaidim\u0173 nuoma, teniso aik\u0161t\u0117 ir inventorius, kitos laisvalaikio pramogos. Vaik\u0173 kambarys NEMOKAMAI!","og_url":"https:\/\/fixfm.lt\/de\/druskininkai\/laisvalaikio-zonos-ir-biblioteka\/","og_site_name":"Sanatorija","article_publisher":"https:\/\/www.facebook.com\/eglessanatorija\/","article_modified_time":"2025-09-15T06:15:55+00:00","twitter_misc":{"Est. reading time":"1 minute"},"schema":{"@context":"https:\/\/schema.org","@graph":[{"@type":"WebPage","@id":"https:\/\/fixfm.lt\/de\/druskininkai\/laisvalaikio-zonos-ir-biblioteka\/","url":"https:\/\/fixfm.lt\/de\/druskininkai\/laisvalaikio-zonos-ir-biblioteka\/","name":"Laisvalaikio zonos ir vaik\u0173 kambarys Druskininkai | Egl\u0117s sanatorija","isPartOf":{"@id":"https:\/\/fixfm.lt\/de\/#website"},"datePublished":"2023-03-13T12:46:01+00:00","dateModified":"2025-09-15T06:15:55+00:00","description":"Stalo ir lauko \u017eaidim\u0173 nuoma, teniso aik\u0161t\u0117 ir inventorius, kitos laisvalaikio pramogos. Vaik\u0173 kambarys NEMOKAMAI!","breadcrumb":{"@id":"https:\/\/fixfm.lt\/de\/druskininkai\/laisvalaikio-zonos-ir-biblioteka\/#breadcrumb"},"inLanguage":"de-DE","potentialAction":[{"@type":"ReadAction","target":["https:\/\/fixfm.lt\/de\/druskininkai\/laisvalaikio-zonos-ir-biblioteka\/"]}]},{"@type":"BreadcrumbList","@id":"https:\/\/fixfm.lt\/de\/druskininkai\/laisvalaikio-zonos-ir-biblioteka\/#breadcrumb","itemListElement":[{"@type":"ListItem","position":1,"name":"Home","item":"https:\/\/fixfm.lt\/de\/"},{"@type":"ListItem","position":2,"name":"Druskininkai","item":"https:\/\/fixfm.lt\/de\/druskininkai\/"},{"@type":"ListItem","position":3,"name":"Freizeitaktivit\u00e4ten"}]},{"@type":"WebSite","@id":"https:\/\/fixfm.lt\/de\/#website","url":"https:\/\/fixfm.lt\/de\/","name":"Sanatorija","description":"Egl\u0117s sanatorija","publisher":{"@id":"https:\/\/fixfm.lt\/de\/#organization"},"potentialAction":[{"@type":"SearchAction","target":{"@type":"EntryPoint","urlTemplate":"https:\/\/fixfm.lt\/de\/?s={search_term_string}"},"query-input":"required name=search_term_string"}],"inLanguage":"de-DE"},{"@type":"Organization","@id":"https:\/\/fixfm.lt\/de\/#organization","name":"Sanatorija","url":"https:\/\/fixfm.lt\/de\/","logo":{"@type":"ImageObject","inLanguage":"de-DE","@id":"https:\/\/fixfm.lt\/de\/#\/schema\/logo\/image\/","url":"https:\/\/fixfm.lt\/app\/uploads\/2023\/03\/main-logo.svg","contentUrl":"https:\/\/fixfm.lt\/app\/uploads\/2023\/03\/main-logo.svg","width":100,"height":81,"caption":"Sanatorija"},"image":{"@id":"https:\/\/fixfm.lt\/de\/#\/schema\/logo\/image\/"},"sameAs":["https:\/\/www.facebook.com\/eglessanatorija\/","https:\/\/lt.linkedin.com\/company\/medical-spa-egles-sanatorija","https:\/\/www.instagram.com\/sanatorija\/","https:\/\/www.youtube.com\/channel\/UC3p2-SDkLF83WXjBZMYXYtQ"]}]}},"_links":{"self":[{"href":"https:\/\/fixfm.lt\/de\/wp-json\/wp\/v2\/pages\/5580","targetHints":{"allow":["GET"]}}],"collection":[{"href":"https:\/\/fixfm.lt\/de\/wp-json\/wp\/v2\/pages"}],"about":[{"href":"https:\/\/fixfm.lt\/de\/wp-json\/wp\/v2\/types\/page"}],"author":[{"embeddable":true,"href":"https:\/\/fixfm.lt\/de\/wp-json\/wp\/v2\/users\/1"}],"replies":[{"embeddable":true,"href":"https:\/\/fixfm.lt\/de\/wp-json\/wp\/v2\/comments?post=5580"}],"version-history":[{"count":2,"href":"https:\/\/fixfm.lt\/de\/wp-json\/wp\/v2\/pages\/5580\/revisions"}],"predecessor-version":[{"id":111458,"href":"https:\/\/fixfm.lt\/de\/wp-json\/wp\/v2\/pages\/5580\/revisions\/111458"}],"up":[{"embeddable":true,"href":"https:\/\/fixfm.lt\/de\/wp-json\/wp\/v2\/pages\/131"}],"wp:attachment":[{"href":"https:\/\/fixfm.lt\/de\/wp-json\/wp\/v2\/media?parent=5580"}],"curies":[{"name":"wp","href":"https:\/\/api.w.org\/{rel}","templated":true}]}}