{"id":5516,"date":"2023-03-13T11:01:37","date_gmt":"2023-03-13T11:01:37","guid":{"rendered":"https:\/\/fixfm.lt\/birstonas\/spa-centrai\/"},"modified":"2025-06-26T06:44:28","modified_gmt":"2025-06-26T06:44:28","slug":"spa-centrai","status":"publish","type":"page","link":"https:\/\/fixfm.lt\/de\/birstonas\/spa-centrai\/","title":{"rendered":"SPA-Zentren"},"content":{"rendered":"\n<div id=\"\" class=\"wp-block-sanatorija-section section section--white section--spacing-64\"><div class=\"container\">\n<p class=\"has-text-align-center\">&#8220;Behandlungen sind die Grundlage der T\u00e4tigkeit des Kurzentrums \u201eEgl\u0117s sanatorija\u201c.<br>Das Kurzentrum in Bir\u0161tonas verf\u00fcgt jedoch auch \u00fcber zwei SPA-Zentren, in denen Behandlungen angeboten werden, die das Erlebnis der G\u00e4ste noch mehr bereichern.<br>All dies dient Ihrem Wohlbefinden, der St\u00e4rkung Ihrer Gesundheit, der Harmonie von K\u00f6rper und Geist. &#8220;<\/p>\n\n\n\n<h2 class=\"wp-block-heading\">Bernstein-SPA<\/h2>\n\n\n\n<p><\/p>\n\n\n\n<div style=\"height:49px\" aria-hidden=\"true\" class=\"wp-block-spacer\"><\/div>\n\n\n\n<div class=\"wp-block-columns is-layout-flex wp-container-core-columns-is-layout-9d6595d7 wp-block-columns-is-layout-flex\">\n<div class=\"wp-block-column is-layout-flow wp-block-column-is-layout-flow\">\n<figure class=\"wp-block-image size-large\"><img loading=\"lazy\" decoding=\"async\" width=\"1024\" height=\"682\" src=\"https:\/\/fixfm.lt\/app\/uploads\/2023\/07\/DS_0435-2218-x-1478-1024x682.jpg\" alt=\"\" class=\"wp-image-4694\" srcset=\"https:\/\/fixfm.lt\/app\/uploads\/2023\/07\/DS_0435-2218-x-1478-1024x682.jpg 1024w, https:\/\/fixfm.lt\/app\/uploads\/2023\/07\/DS_0435-2218-x-1478-300x200.jpg 300w, https:\/\/fixfm.lt\/app\/uploads\/2023\/07\/DS_0435-2218-x-1478-768x512.jpg 768w, https:\/\/fixfm.lt\/app\/uploads\/2023\/07\/DS_0435-2218-x-1478-1536x1024.jpg 1536w, https:\/\/fixfm.lt\/app\/uploads\/2023\/07\/DS_0435-2218-x-1478-2048x1365.jpg 2048w, https:\/\/fixfm.lt\/app\/uploads\/2023\/07\/DS_0435-2218-x-1478-1200x800.jpg 1200w, https:\/\/fixfm.lt\/app\/uploads\/2023\/07\/DS_0435-2218-x-1478-500x333.jpg 500w, https:\/\/fixfm.lt\/app\/uploads\/2023\/07\/DS_0435-2218-x-1478-800x533.jpg 800w, https:\/\/fixfm.lt\/app\/uploads\/2023\/07\/DS_0435-2218-x-1478-1600x1066.jpg 1600w\" sizes=\"auto, (max-width: 1024px) 100vw, 1024px\" \/><\/figure>\n<\/div>\n\n\n\n<div class=\"wp-block-column is-layout-flow wp-block-column-is-layout-flow\">\n<figure class=\"wp-block-image size-full\"><img loading=\"lazy\" decoding=\"async\" width=\"6720\" height=\"4480\" src=\"http:\/\/localhost\/sanatorija\/app\/uploads\/2023\/07\/DS_0389.jpg\" alt=\"\" class=\"wp-image-4690\" srcset=\"https:\/\/fixfm.lt\/app\/uploads\/2023\/07\/DS_0389.jpg 6720w, https:\/\/fixfm.lt\/app\/uploads\/2023\/07\/DS_0389-300x200.jpg 300w\" sizes=\"auto, (max-width: 6720px) 100vw, 6720px\" \/><\/figure>\n<\/div>\n\n\n\n<div class=\"wp-block-column is-layout-flow wp-block-column-is-layout-flow\">\n<figure class=\"wp-block-image size-large\"><img loading=\"lazy\" decoding=\"async\" width=\"1024\" height=\"682\" src=\"https:\/\/fixfm.lt\/app\/uploads\/2023\/07\/DS_0384-2218-x-1478-1024x682.jpg\" alt=\"\" class=\"wp-image-4698\" srcset=\"https:\/\/fixfm.lt\/app\/uploads\/2023\/07\/DS_0384-2218-x-1478-1024x682.jpg 1024w, https:\/\/fixfm.lt\/app\/uploads\/2023\/07\/DS_0384-2218-x-1478-300x200.jpg 300w, https:\/\/fixfm.lt\/app\/uploads\/2023\/07\/DS_0384-2218-x-1478-768x512.jpg 768w, https:\/\/fixfm.lt\/app\/uploads\/2023\/07\/DS_0384-2218-x-1478-1536x1024.jpg 1536w, https:\/\/fixfm.lt\/app\/uploads\/2023\/07\/DS_0384-2218-x-1478-2048x1365.jpg 2048w, https:\/\/fixfm.lt\/app\/uploads\/2023\/07\/DS_0384-2218-x-1478-1200x800.jpg 1200w, https:\/\/fixfm.lt\/app\/uploads\/2023\/07\/DS_0384-2218-x-1478-500x333.jpg 500w, https:\/\/fixfm.lt\/app\/uploads\/2023\/07\/DS_0384-2218-x-1478-800x533.jpg 800w, https:\/\/fixfm.lt\/app\/uploads\/2023\/07\/DS_0384-2218-x-1478-1600x1066.jpg 1600w\" sizes=\"auto, (max-width: 1024px) 100vw, 1024px\" \/><\/figure>\n\n\n\n<p><\/p>\n<\/div>\n<\/div>\n\n\n\n<p>Bernstein war schon immer nicht nur f\u00fcr Litauer, sondern auch f\u00fcr Besucher aus dem Ausland von Interesse. Im Bernstein-SPA des Kurzentrums werden K\u00f6rper- und Gesichtsbehandlungen auf einer mit Ostseebernstein beschlagenen Massageliege angeboten. Hier k\u00f6nnen Sie ein spezielles Ganzk\u00f6rpermassageritual mit Bernsteinpulver, Argan\u00f6l und Bernsteins\u00e4ure, einen Bernstein-Saunenkomplex und v\u00f6llige Ruhe genie\u00dfen, allein oder mit einem lieben Menschen.<\/p>\n\n\n\n                <div class=\"services services--even\">\n\n                    \n                        <div class=\"services__item services__item--right\">\n                            <div class=\"services__item-image\">\n                                                                    <div class=\"services__image\">\n                                        <div class=\"services__image-inner\">\n                                            <img loading=\"lazy\" decoding=\"async\" width=\"800\" height=\"533\" src=\"https:\/\/fixfm.lt\/app\/uploads\/2025\/06\/DS_2245-800x533.jpg\" class=\"attachment-tandemum-large size-tandemum-large\" alt=\"\" \/>                                        <\/div>\n                                    <\/div>\n                                                            <\/div>\n\n                            <div class=\"services__item-content services__item-content--open\">\n                                <h5 class=\"services__item-title\">BERNSTEIN SPA<\/h5>\n\n                                \n                                <div class=\"services__item-full-description\">\n                                    <p>RESERVIERUNG DER THERAPIEN:<br \/>\nBei der Rezeption des Behandlungszentrums<\/p>\n<p>Per Telefonen: +370 633 05 332,<\/p>\n<p>+370 313 60220.<\/p>\n<p>Per E-Mail: <a class=\"cursor-pointer\" rel=\"noopener\" data-start=\"55\" data-end=\"80\">rezervacija@sanatorija.lt<\/a><\/p>\n\n                                                                            <div class=\"table--responsive-table\">\n                                            <table class=\"table table--simple table--left\">\n                                                <thead>\n                                                    <tr>\n                                                                                                                    <td><strong>\u00d6FFNUNGSZEITEN*<\/strong><\/td>\n                                                                                                                    <td><strong><\/strong><\/td>\n                                                                                                            <\/tr>\n                                                <\/thead>\n                                                <tbody>\n                                                    \n                                                        <tr>\n                                                                                                                            <td>II\u2013VI<\/td>\n                                                                                                                            <td>16:00\u201320:00<\/td>\n                                                                                                                    <\/tr>\n\n                                                                                                    <\/tbody>\n                                            <\/table>\n                                        <\/div>\n                                    \n                                    <p>*Die \u00d6ffnungszeiten an Feiertagen und an den Tagen vor Feiertagen k\u00f6nnen sich \u00e4ndern. F\u00fcr Informationen fragen Sie bitte uns telefonisch nach.<\/p>\n\n                                    \n                                                                    <\/div>\n\n                                                            <\/div>\n                        <\/div>\n\n                        \n                <\/div>\n\n                \n\n\n<h2 class=\"wp-block-heading\">SPA-Zentrum<\/h2>\n\n\n\n<div class=\"wp-block-columns is-layout-flex wp-container-core-columns-is-layout-9d6595d7 wp-block-columns-is-layout-flex\">\n<div class=\"wp-block-column is-layout-flow wp-block-column-is-layout-flow\">\n<figure class=\"wp-block-image size-large\"><img loading=\"lazy\" decoding=\"async\" width=\"1024\" height=\"682\" src=\"https:\/\/fixfm.lt\/app\/uploads\/2023\/07\/spa-centras-birstone-1-1024x682.jpg\" alt=\"\" class=\"wp-image-4678\" srcset=\"https:\/\/fixfm.lt\/app\/uploads\/2023\/07\/spa-centras-birstone-1-1024x682.jpg 1024w, https:\/\/fixfm.lt\/app\/uploads\/2023\/07\/spa-centras-birstone-1-300x200.jpg 300w, https:\/\/fixfm.lt\/app\/uploads\/2023\/07\/spa-centras-birstone-1-768x512.jpg 768w, https:\/\/fixfm.lt\/app\/uploads\/2023\/07\/spa-centras-birstone-1-1536x1024.jpg 1536w, https:\/\/fixfm.lt\/app\/uploads\/2023\/07\/spa-centras-birstone-1-1200x800.jpg 1200w, https:\/\/fixfm.lt\/app\/uploads\/2023\/07\/spa-centras-birstone-1-500x333.jpg 500w, https:\/\/fixfm.lt\/app\/uploads\/2023\/07\/spa-centras-birstone-1-800x533.jpg 800w, https:\/\/fixfm.lt\/app\/uploads\/2023\/07\/spa-centras-birstone-1-1600x1066.jpg 1600w, https:\/\/fixfm.lt\/app\/uploads\/2023\/07\/spa-centras-birstone-1.jpg 1820w\" sizes=\"auto, (max-width: 1024px) 100vw, 1024px\" \/><\/figure>\n<\/div>\n\n\n\n<div class=\"wp-block-column is-layout-flow wp-block-column-is-layout-flow\">\n<figure class=\"wp-block-image aligncenter size-large is-resized\"><img loading=\"lazy\" decoding=\"async\" width=\"1024\" height=\"1024\" src=\"https:\/\/fixfm.lt\/app\/uploads\/2023\/07\/spa-centras-birstone-2-1024x1024.jpg\" alt=\"\" class=\"wp-image-4682\" style=\"width:275px;height:auto\" srcset=\"https:\/\/fixfm.lt\/app\/uploads\/2023\/07\/spa-centras-birstone-2-1024x1024.jpg 1024w, https:\/\/fixfm.lt\/app\/uploads\/2023\/07\/spa-centras-birstone-2-300x300.jpg 300w, https:\/\/fixfm.lt\/app\/uploads\/2023\/07\/spa-centras-birstone-2-150x150.jpg 150w, https:\/\/fixfm.lt\/app\/uploads\/2023\/07\/spa-centras-birstone-2-768x768.jpg 768w, https:\/\/fixfm.lt\/app\/uploads\/2023\/07\/spa-centras-birstone-2-1536x1536.jpg 1536w, https:\/\/fixfm.lt\/app\/uploads\/2023\/07\/spa-centras-birstone-2-1200x1200.jpg 1200w, https:\/\/fixfm.lt\/app\/uploads\/2023\/07\/spa-centras-birstone-2-500x500.jpg 500w, https:\/\/fixfm.lt\/app\/uploads\/2023\/07\/spa-centras-birstone-2-800x800.jpg 800w, https:\/\/fixfm.lt\/app\/uploads\/2023\/07\/spa-centras-birstone-2-1600x1600.jpg 1600w, https:\/\/fixfm.lt\/app\/uploads\/2023\/07\/spa-centras-birstone-2.jpg 1820w\" sizes=\"auto, (max-width: 1024px) 100vw, 1024px\" \/><\/figure>\n<\/div>\n\n\n\n<div class=\"wp-block-column is-layout-flow wp-block-column-is-layout-flow\">\n<figure class=\"wp-block-image size-large is-resized\"><img loading=\"lazy\" decoding=\"async\" width=\"1024\" height=\"682\" src=\"https:\/\/fixfm.lt\/app\/uploads\/2023\/07\/spa-centras-birstone-3-1024x682.jpg\" alt=\"\" class=\"wp-image-4686\" srcset=\"https:\/\/fixfm.lt\/app\/uploads\/2023\/07\/spa-centras-birstone-3-1024x682.jpg 1024w, https:\/\/fixfm.lt\/app\/uploads\/2023\/07\/spa-centras-birstone-3-300x200.jpg 300w, https:\/\/fixfm.lt\/app\/uploads\/2023\/07\/spa-centras-birstone-3-768x512.jpg 768w, https:\/\/fixfm.lt\/app\/uploads\/2023\/07\/spa-centras-birstone-3-1536x1024.jpg 1536w, https:\/\/fixfm.lt\/app\/uploads\/2023\/07\/spa-centras-birstone-3-1200x800.jpg 1200w, https:\/\/fixfm.lt\/app\/uploads\/2023\/07\/spa-centras-birstone-3-500x333.jpg 500w, https:\/\/fixfm.lt\/app\/uploads\/2023\/07\/spa-centras-birstone-3-800x533.jpg 800w, https:\/\/fixfm.lt\/app\/uploads\/2023\/07\/spa-centras-birstone-3-1600x1066.jpg 1600w, https:\/\/fixfm.lt\/app\/uploads\/2023\/07\/spa-centras-birstone-3.jpg 1820w\" sizes=\"auto, (max-width: 1024px) 100vw, 1024px\" \/><\/figure>\n<\/div>\n<\/div>\n\n\n\n<p><\/p>\n\n\n\n<p>Die Behandlungen durch hochqualifizierte Sch\u00f6nheitsexperten des SPA-Zentrums werden niemanden gleichg\u00fcltig lassen. Hier werden nur hochwertige Kosmetikprodukte verwendet. Die Entdeckung der Meereskosmetik PHYTOMER-Kosmetik ist eine neue Art der Hautpflege, bei der zahlreiche Elemente der Meereswelt genutzt werden. Auch BABOR-Kosmetik und -Konzentrate kommen bei den Behandlungen zum Einsatz &#8211; wahre Sch\u00f6nheitsextrakte. Professionelle Behandlungen werden mit VIE-Kosmetik durchgef\u00fchrt. Professionelle Behandlungen sind von dermatologischen Methoden der Hautverj\u00fcngung inspiriert, die von der medizinischen Welt anerkannt und genehmigt sind.<\/p>\n\n\n\n                <div class=\"services services--even\">\n\n                    \n                        <div class=\"services__item services__item--right\">\n                            <div class=\"services__item-image\">\n                                                                    <div class=\"services__image\">\n                                        <div class=\"services__image-inner\">\n                                            <img loading=\"lazy\" decoding=\"async\" width=\"800\" height=\"533\" src=\"https:\/\/fixfm.lt\/app\/uploads\/2025\/06\/IMG_4897-2736-x-1824-800x533.jpg\" class=\"attachment-tandemum-large size-tandemum-large\" alt=\"\" \/>                                        <\/div>\n                                    <\/div>\n                                                            <\/div>\n\n                            <div class=\"services__item-content services__item-content--open\">\n                                <h5 class=\"services__item-title\">SPA-Zentrum<\/h5>\n\n                                \n                                <div class=\"services__item-full-description\">\n                                    <p>RESERVIERUNG DER THERAPIEN:<br \/>\nBei der Rezeption des Behandlungszentrums<\/p>\n<p>Per Telefonen: +370 633 05 332,<\/p>\n<p>+370 313 60220.<\/p>\n<p>Per E-Mail: <a class=\"cursor-pointer\" rel=\"noopener\" data-start=\"55\" data-end=\"80\">rezervacija@sanatorija.lt<\/a><\/p>\n\n                                                                            <div class=\"table--responsive-table\">\n                                            <table class=\"table table--simple table--left\">\n                                                <thead>\n                                                    <tr>\n                                                                                                                    <td><strong>\u00d6FFNUNGSZEITEN*<\/strong><\/td>\n                                                                                                                    <td><strong><\/strong><\/td>\n                                                                                                            <\/tr>\n                                                <\/thead>\n                                                <tbody>\n                                                    \n                                                        <tr>\n                                                                                                                            <td>II\u2013VI<\/td>\n                                                                                                                            <td>10:00\u201318:00<\/td>\n                                                                                                                    <\/tr>\n\n                                                    \n                                                        <tr>\n                                                                                                                            <td>VI<\/td>\n                                                                                                                            <td>10:00\u201319:00<\/td>\n                                                                                                                    <\/tr>\n\n                                                    \n                                                        <tr>\n                                                                                                                            <td>VII<\/td>\n                                                                                                                            <td>10:00\u201317:00<\/td>\n                                                                                                                    <\/tr>\n\n                                                                                                    <\/tbody>\n                                            <\/table>\n                                        <\/div>\n                                    \n                                    <p>*Die \u00d6ffnungszeiten an Feiertagen und an den Tagen vor Feiertagen k\u00f6nnen sich \u00e4ndern. F\u00fcr Informationen fragen Sie bitte uns telefonisch nach.<\/p>\n\n                                    \n                                                                    <\/div>\n\n                                                            <\/div>\n                        <\/div>\n\n                        \n                <\/div>\n\n                <\/div><\/div>\n","protected":false},"excerpt":{"rendered":"","protected":false},"author":1,"featured_media":0,"parent":123,"menu_order":145,"comment_status":"closed","ping_status":"closed","template":"","meta":{"_acf_changed":false,"inline_featured_image":false,"footnotes":""},"class_list":["post-5516","page","type-page","status-publish","hentry"],"acf":[],"yoast_head":"<!-- This site is optimized with the Yoast SEO plugin v22.9 - https:\/\/yoast.com\/wordpress\/plugins\/seo\/ -->\n<title>SPA proced\u016bros Bir\u0161tone | Egl\u0117s sanatorija<\/title>\n<meta name=\"description\" content=\"SPA proced\u016bros Bir\u0161tone. Idividualios SPA proced\u016bros ir SPA ritualai poroms. Gintaro SPA, &quot;Phytomer&quot;, &quot;Babor&quot; ir &quot;Vie&quot;.\" \/>\n<meta name=\"robots\" content=\"index, follow, max-snippet:-1, max-image-preview:large, max-video-preview:-1\" \/>\n<link rel=\"canonical\" href=\"https:\/\/fixfm.lt\/de\/birstonas\/spa-centrai\/\" \/>\n<meta property=\"og:locale\" content=\"de_DE\" \/>\n<meta property=\"og:type\" content=\"article\" \/>\n<meta property=\"og:title\" content=\"SPA proced\u016bros Bir\u0161tone | Egl\u0117s sanatorija\" \/>\n<meta property=\"og:description\" content=\"SPA proced\u016bros Bir\u0161tone. Idividualios SPA proced\u016bros ir SPA ritualai poroms. Gintaro SPA, &quot;Phytomer&quot;, &quot;Babor&quot; ir &quot;Vie&quot;.\" \/>\n<meta property=\"og:url\" content=\"https:\/\/fixfm.lt\/de\/birstonas\/spa-centrai\/\" \/>\n<meta property=\"og:site_name\" content=\"Sanatorija\" \/>\n<meta property=\"article:publisher\" content=\"https:\/\/www.facebook.com\/eglessanatorija\/\" \/>\n<meta property=\"article:modified_time\" content=\"2025-06-26T06:44:28+00:00\" \/>\n<meta property=\"og:image\" content=\"https:\/\/fixfm.lt\/app\/uploads\/2023\/07\/DS_0435-2218-x-1478-1024x682.jpg\" \/>\n<meta name=\"twitter:label1\" content=\"Est. reading time\" \/>\n\t<meta name=\"twitter:data1\" content=\"3 minutes\" \/>\n<script type=\"application\/ld+json\" class=\"yoast-schema-graph\">{\"@context\":\"https:\/\/schema.org\",\"@graph\":[{\"@type\":\"WebPage\",\"@id\":\"https:\/\/fixfm.lt\/de\/birstonas\/spa-centrai\/\",\"url\":\"https:\/\/fixfm.lt\/de\/birstonas\/spa-centrai\/\",\"name\":\"SPA proced\u016bros Bir\u0161tone | Egl\u0117s sanatorija\",\"isPartOf\":{\"@id\":\"https:\/\/fixfm.lt\/de\/#website\"},\"primaryImageOfPage\":{\"@id\":\"https:\/\/fixfm.lt\/de\/birstonas\/spa-centrai\/#primaryimage\"},\"image\":{\"@id\":\"https:\/\/fixfm.lt\/de\/birstonas\/spa-centrai\/#primaryimage\"},\"thumbnailUrl\":\"https:\/\/fixfm.lt\/app\/uploads\/2023\/07\/DS_0435-2218-x-1478-1024x682.jpg\",\"datePublished\":\"2023-03-13T11:01:37+00:00\",\"dateModified\":\"2025-06-26T06:44:28+00:00\",\"description\":\"SPA proced\u016bros Bir\u0161tone. Idividualios SPA proced\u016bros ir SPA ritualai poroms. Gintaro SPA, \\\"Phytomer\\\", \\\"Babor\\\" ir \\\"Vie\\\".\",\"breadcrumb\":{\"@id\":\"https:\/\/fixfm.lt\/de\/birstonas\/spa-centrai\/#breadcrumb\"},\"inLanguage\":\"de-DE\",\"potentialAction\":[{\"@type\":\"ReadAction\",\"target\":[\"https:\/\/fixfm.lt\/de\/birstonas\/spa-centrai\/\"]}]},{\"@type\":\"ImageObject\",\"inLanguage\":\"de-DE\",\"@id\":\"https:\/\/fixfm.lt\/de\/birstonas\/spa-centrai\/#primaryimage\",\"url\":\"https:\/\/fixfm.lt\/app\/uploads\/2023\/07\/DS_0435-2218-x-1478-1024x682.jpg\",\"contentUrl\":\"https:\/\/fixfm.lt\/app\/uploads\/2023\/07\/DS_0435-2218-x-1478-1024x682.jpg\"},{\"@type\":\"BreadcrumbList\",\"@id\":\"https:\/\/fixfm.lt\/de\/birstonas\/spa-centrai\/#breadcrumb\",\"itemListElement\":[{\"@type\":\"ListItem\",\"position\":1,\"name\":\"Home\",\"item\":\"https:\/\/fixfm.lt\/de\/\"},{\"@type\":\"ListItem\",\"position\":2,\"name\":\"Bir\u0161tonas\",\"item\":\"https:\/\/fixfm.lt\/de\/birstonas\/\"},{\"@type\":\"ListItem\",\"position\":3,\"name\":\"SPA-Zentren\"}]},{\"@type\":\"WebSite\",\"@id\":\"https:\/\/fixfm.lt\/de\/#website\",\"url\":\"https:\/\/fixfm.lt\/de\/\",\"name\":\"Sanatorija\",\"description\":\"Egl\u0117s sanatorija\",\"publisher\":{\"@id\":\"https:\/\/fixfm.lt\/de\/#organization\"},\"potentialAction\":[{\"@type\":\"SearchAction\",\"target\":{\"@type\":\"EntryPoint\",\"urlTemplate\":\"https:\/\/fixfm.lt\/de\/?s={search_term_string}\"},\"query-input\":\"required name=search_term_string\"}],\"inLanguage\":\"de-DE\"},{\"@type\":\"Organization\",\"@id\":\"https:\/\/fixfm.lt\/de\/#organization\",\"name\":\"Sanatorija\",\"url\":\"https:\/\/fixfm.lt\/de\/\",\"logo\":{\"@type\":\"ImageObject\",\"inLanguage\":\"de-DE\",\"@id\":\"https:\/\/fixfm.lt\/de\/#\/schema\/logo\/image\/\",\"url\":\"https:\/\/fixfm.lt\/app\/uploads\/2023\/03\/main-logo.svg\",\"contentUrl\":\"https:\/\/fixfm.lt\/app\/uploads\/2023\/03\/main-logo.svg\",\"width\":100,\"height\":81,\"caption\":\"Sanatorija\"},\"image\":{\"@id\":\"https:\/\/fixfm.lt\/de\/#\/schema\/logo\/image\/\"},\"sameAs\":[\"https:\/\/www.facebook.com\/eglessanatorija\/\",\"https:\/\/lt.linkedin.com\/company\/medical-spa-egles-sanatorija\",\"https:\/\/www.instagram.com\/sanatorija\/\",\"https:\/\/www.youtube.com\/channel\/UC3p2-SDkLF83WXjBZMYXYtQ\"]}]}<\/script>\n<!-- \/ Yoast SEO plugin. -->","yoast_head_json":{"title":"SPA proced\u016bros Bir\u0161tone | Egl\u0117s sanatorija","description":"SPA proced\u016bros Bir\u0161tone. Idividualios SPA proced\u016bros ir SPA ritualai poroms. Gintaro SPA, \"Phytomer\", \"Babor\" ir \"Vie\".","robots":{"index":"index","follow":"follow","max-snippet":"max-snippet:-1","max-image-preview":"max-image-preview:large","max-video-preview":"max-video-preview:-1"},"canonical":"https:\/\/fixfm.lt\/de\/birstonas\/spa-centrai\/","og_locale":"de_DE","og_type":"article","og_title":"SPA proced\u016bros Bir\u0161tone | Egl\u0117s sanatorija","og_description":"SPA proced\u016bros Bir\u0161tone. Idividualios SPA proced\u016bros ir SPA ritualai poroms. Gintaro SPA, \"Phytomer\", \"Babor\" ir \"Vie\".","og_url":"https:\/\/fixfm.lt\/de\/birstonas\/spa-centrai\/","og_site_name":"Sanatorija","article_publisher":"https:\/\/www.facebook.com\/eglessanatorija\/","article_modified_time":"2025-06-26T06:44:28+00:00","og_image":[{"url":"https:\/\/fixfm.lt\/app\/uploads\/2023\/07\/DS_0435-2218-x-1478-1024x682.jpg"}],"twitter_misc":{"Est. reading time":"3 minutes"},"schema":{"@context":"https:\/\/schema.org","@graph":[{"@type":"WebPage","@id":"https:\/\/fixfm.lt\/de\/birstonas\/spa-centrai\/","url":"https:\/\/fixfm.lt\/de\/birstonas\/spa-centrai\/","name":"SPA proced\u016bros Bir\u0161tone | Egl\u0117s sanatorija","isPartOf":{"@id":"https:\/\/fixfm.lt\/de\/#website"},"primaryImageOfPage":{"@id":"https:\/\/fixfm.lt\/de\/birstonas\/spa-centrai\/#primaryimage"},"image":{"@id":"https:\/\/fixfm.lt\/de\/birstonas\/spa-centrai\/#primaryimage"},"thumbnailUrl":"https:\/\/fixfm.lt\/app\/uploads\/2023\/07\/DS_0435-2218-x-1478-1024x682.jpg","datePublished":"2023-03-13T11:01:37+00:00","dateModified":"2025-06-26T06:44:28+00:00","description":"SPA proced\u016bros Bir\u0161tone. Idividualios SPA proced\u016bros ir SPA ritualai poroms. Gintaro SPA, \"Phytomer\", \"Babor\" ir \"Vie\".","breadcrumb":{"@id":"https:\/\/fixfm.lt\/de\/birstonas\/spa-centrai\/#breadcrumb"},"inLanguage":"de-DE","potentialAction":[{"@type":"ReadAction","target":["https:\/\/fixfm.lt\/de\/birstonas\/spa-centrai\/"]}]},{"@type":"ImageObject","inLanguage":"de-DE","@id":"https:\/\/fixfm.lt\/de\/birstonas\/spa-centrai\/#primaryimage","url":"https:\/\/fixfm.lt\/app\/uploads\/2023\/07\/DS_0435-2218-x-1478-1024x682.jpg","contentUrl":"https:\/\/fixfm.lt\/app\/uploads\/2023\/07\/DS_0435-2218-x-1478-1024x682.jpg"},{"@type":"BreadcrumbList","@id":"https:\/\/fixfm.lt\/de\/birstonas\/spa-centrai\/#breadcrumb","itemListElement":[{"@type":"ListItem","position":1,"name":"Home","item":"https:\/\/fixfm.lt\/de\/"},{"@type":"ListItem","position":2,"name":"Bir\u0161tonas","item":"https:\/\/fixfm.lt\/de\/birstonas\/"},{"@type":"ListItem","position":3,"name":"SPA-Zentren"}]},{"@type":"WebSite","@id":"https:\/\/fixfm.lt\/de\/#website","url":"https:\/\/fixfm.lt\/de\/","name":"Sanatorija","description":"Egl\u0117s sanatorija","publisher":{"@id":"https:\/\/fixfm.lt\/de\/#organization"},"potentialAction":[{"@type":"SearchAction","target":{"@type":"EntryPoint","urlTemplate":"https:\/\/fixfm.lt\/de\/?s={search_term_string}"},"query-input":"required name=search_term_string"}],"inLanguage":"de-DE"},{"@type":"Organization","@id":"https:\/\/fixfm.lt\/de\/#organization","name":"Sanatorija","url":"https:\/\/fixfm.lt\/de\/","logo":{"@type":"ImageObject","inLanguage":"de-DE","@id":"https:\/\/fixfm.lt\/de\/#\/schema\/logo\/image\/","url":"https:\/\/fixfm.lt\/app\/uploads\/2023\/03\/main-logo.svg","contentUrl":"https:\/\/fixfm.lt\/app\/uploads\/2023\/03\/main-logo.svg","width":100,"height":81,"caption":"Sanatorija"},"image":{"@id":"https:\/\/fixfm.lt\/de\/#\/schema\/logo\/image\/"},"sameAs":["https:\/\/www.facebook.com\/eglessanatorija\/","https:\/\/lt.linkedin.com\/company\/medical-spa-egles-sanatorija","https:\/\/www.instagram.com\/sanatorija\/","https:\/\/www.youtube.com\/channel\/UC3p2-SDkLF83WXjBZMYXYtQ"]}]}},"_links":{"self":[{"href":"https:\/\/fixfm.lt\/de\/wp-json\/wp\/v2\/pages\/5516","targetHints":{"allow":["GET"]}}],"collection":[{"href":"https:\/\/fixfm.lt\/de\/wp-json\/wp\/v2\/pages"}],"about":[{"href":"https:\/\/fixfm.lt\/de\/wp-json\/wp\/v2\/types\/page"}],"author":[{"embeddable":true,"href":"https:\/\/fixfm.lt\/de\/wp-json\/wp\/v2\/users\/1"}],"replies":[{"embeddable":true,"href":"https:\/\/fixfm.lt\/de\/wp-json\/wp\/v2\/comments?post=5516"}],"version-history":[{"count":3,"href":"https:\/\/fixfm.lt\/de\/wp-json\/wp\/v2\/pages\/5516\/revisions"}],"predecessor-version":[{"id":84906,"href":"https:\/\/fixfm.lt\/de\/wp-json\/wp\/v2\/pages\/5516\/revisions\/84906"}],"up":[{"embeddable":true,"href":"https:\/\/fixfm.lt\/de\/wp-json\/wp\/v2\/pages\/123"}],"wp:attachment":[{"href":"https:\/\/fixfm.lt\/de\/wp-json\/wp\/v2\/media?parent=5516"}],"curies":[{"name":"wp","href":"https:\/\/api.w.org\/{rel}","templated":true}]}}